{"id":1078,"date":"2020-03-12T10:35:20","date_gmt":"2020-03-12T09:35:20","guid":{"rendered":"http:\/\/furiaguild.com\/?page_id=1078"},"modified":"2024-09-02T18:15:28","modified_gmt":"2024-09-02T17:15:28","slug":"new-world","status":"publish","type":"page","link":"https:\/\/furiaguild.com\/index.php\/new-world\/","title":{"rendered":"New World"},"content":{"rendered":"\n<p><\/p>\n\n\n\n<p>New World es uno de los juegos que m\u00e1s problemas nos ha dado hasta que conseguimos asentarnos. A pesar de ello es uno de los juegos que m\u00e1s hemos disfrutado y una vez pasados los problemas iniciales de Amazon Games, llegamos a los objetivos marcados formando una alianza fuerte ,conquistando  y manteniendo territorios.<\/p>\n\n\n\n<div style=\"height:14px\" aria-hidden=\"true\" class=\"wp-block-spacer\"><\/div>\n\n\n\n<figure class=\"wp-block-embed is-type-video is-provider-youtube wp-block-embed-youtube wp-embed-aspect-16-9 wp-has-aspect-ratio\"><div class=\"wp-block-embed__wrapper\">\n<iframe loading=\"lazy\" title=\"Furia Gaming Community - New World\" width=\"500\" height=\"281\" src=\"https:\/\/www.youtube.com\/embed\/aDLkWo7tHO8?feature=oembed\" frameborder=\"0\" allow=\"accelerometer; autoplay; clipboard-write; encrypted-media; gyroscope; picture-in-picture; web-share\" referrerpolicy=\"strict-origin-when-cross-origin\" allowfullscreen><\/iframe>\n<\/div><\/figure>\n\n\n\n<div style=\"height:20px\" aria-hidden=\"true\" class=\"wp-block-spacer\"><\/div>\n\n\n\n<p>Durante el lanzamiento de <em>New World<\/em> en septiembre de 2021, muchos jugadores y clanes experimentaron problemas debido a las largas colas y las dificultades para acceder a los servidores, y el <strong>Clan Furia<\/strong> fue uno de los afectados.<\/p>\n\n\n\n<h3 class=\"wp-block-heading\"><strong>Problemas del Clan Furia Durante el Lanzamiento de <em>New World<\/em>:<\/strong><\/h3>\n\n\n\n<ol class=\"wp-block-list\">\n<li><strong>Largas Colas para Acceder al Juego:<\/strong> En el lanzamiento de <em>New World<\/em>, la demanda super\u00f3 ampliamente las expectativas de Amazon Game Studios, lo que result\u00f3 en largas colas para ingresar a los servidores. Muchos jugadores de Furia y sus aliados, tuvieron que esperar varias horas e incluso d\u00edas para poder conectarse al juego. Este problema fue generalizado y afect\u00f3 a jugadores de todo el mundo, causando frustraci\u00f3n y dificultando la experiencia de juego en los primeros d\u00edas.<\/li>\n\n\n\n<li><strong>Separaci\u00f3n de Miembros en Diferentes Servidores:<\/strong> En Furia, nos enfrentamos a la desafortunada situaci\u00f3n de que nuestros miembros no pod\u00edan unirse al mismo servidor, seguramente la peor que hemos vivido hasta el momento en todos estos a\u00f1os. Para intentar ingresar al juego y comenzar a jugar, algunos miembros se unieron a diferentes servidores, lo que result\u00f3 en la dispersi\u00f3n del clan. Esta dispersi\u00f3n hizo imposible coordinar actividades conjuntas como guerras territoriales, comercio, y misiones durante casi el primer mes de juego, elementos clave para cualquier clan competitivo en <em>New World<\/em>.<\/li>\n\n\n\n<li><strong>Impacto en la Organizaci\u00f3n, Alianza y Estrategia del Clan:<\/strong> La separaci\u00f3n de miembros tanto del clan como de nuestra alianza en diferentes servidores tuvo un impacto significativo en nuestra capacidad  para organizarnos. Clanes como Furia, vieron sus planes frustrados por no poder reunir a todos sus miembros en un solo lugar. Esta situaci\u00f3n afect\u00f3 la moral del clan y la eficiencia en la coordinaci\u00f3n de actividades, dificultando su crecimiento y competitividad en los primeros d\u00edas del juego.<\/li>\n\n\n\n<li><strong>Respuestas y Adaptaciones:<\/strong> En respuesta a estos problemas, en Furia, al igual que muchos otros clanes, tuvimos que adaptarnos r\u00e1pidamente. Se tomaron medidas como la creaci\u00f3n de subclanes y la elecci\u00f3n de un servidor principal al que eventualmente todos intentar\u00edan trasladarse y buscamos una nueva alianza potente, una vez que Amazon implementara la posibilidad de transferir personajes entre servidores. Mientras tanto, utilizamos herramientas de comunicaci\u00f3n externa al juego, como Discord a\u00fan estando en diferentes servers, para mantener la cohesi\u00f3n del clan y planificar futuras estrategias.<\/li>\n\n\n\n<li><strong>Acciones de Amazon Game Studios:<\/strong> Reconociendo estos problemas, Amazon Game Studios implement\u00f3 r\u00e1pidamente soluciones como aumentar la capacidad de los servidores, abrir nuevos servidores, y ofrecer transferencias de personajes gratuitas para ayudar a los jugadores y clanes a reagruparse. Aunque estas medidas fueron \u00fatiles, no todos los problemas se resolvieron inmediatamente, y algunos clanes, como nosotros tuvieron que lidiar con las consecuencias durante un largo tiempo.<\/li>\n<\/ol>\n\n\n\n<h3 class=\"wp-block-heading\"><strong>Conclusi\u00f3n:<\/strong><\/h3>\n\n\n\n<p>El lanzamiento de <em>New World<\/em> fue un evento lleno de desaf\u00edos, especialmente para comunidades organizadas como Furia. Las largas colas y la imposibilidad de reunir a todos los miembros en un solo servidor afectaron su capacidad para jugar de manera cohesiva y competitiva. Sin embargo, la comunidad de Furia mostr\u00f3 resiliencia al adaptarse a las circunstancias y trabajar para superar los obst\u00e1culos iniciales, manteniendo su cohesi\u00f3n y objetivos a largo plazo en el juego, consiguiendo una alianza estable y manteniendo territorios durante bastante tiempo.<\/p>\n\n\n      <div id=\"post-grid-lazy-1077\" class=\"post-grid-lazy\"><img decoding=\"async\" alt=\"\" src=\"\" \/><\/div>\n    <script>\n      jQuery('#post-grid-lazy-1077').ready(function($) {\n        $('#post-grid-lazy-1077').fadeOut();\n        $('#post-grid-1077   ').fadeIn();\n      })\n    <\/script>\n    <style type=\"text\/css\">\n      #post-grid-1077 {\n        display: none;\n      }\n\n      .post-grid-lazy {\n        text-align: center;\n      }\n    <\/style>\n    <div data-options='{&quot;id&quot;:&quot;1077&quot;,&quot;lazy_load&quot;:&quot;yes&quot;,&quot;masonry_enable&quot;:&quot;no&quot;,&quot;view_type&quot;:&quot;grid&quot;}' id=\"post-grid-1077\" class=\"post-grid grid\">\n        <div class=\"grid-items\">\n      <div class=\"item item-1599 skin flat even 0 \">\n        <div class=\"layer-wrapper layout-\">\n        <div class=\"layer-media\"><a href=\"https:\/\/furiaguild.com\/index.php\/adelanto-de-new-world\/\"><img decoding=\"async\" alt=\"\" src=\"https:\/\/furiaguild.com\/wp-content\/uploads\/2019\/12\/NewWorld-Main-Big-1024x641.jpg\" \/><\/a><\/div>\n  <div class=\"layer-content\">\n    <div class=\"element element_0  title \">\n    <a target=\"\"\n    href=\"https:\/\/furiaguild.com\/index.php\/adelanto-de-new-world\/\">Adelanto de New World!<\/a>\n\n  \n\n<\/div>\n<div class=\"element element_1  excerpt \">\n  \u00a1Saludos, aventureros\/as! Nos entusiasma invitar a m\u00e1s jugadores que nunca a aventurarse en Aet\u00e9rnum en nuestro pr\u00f3ximo avance de New  <\/div>\n<a class=\"element element_2  read_more \"\n  target=\"\"\n  href=\"https:\/\/furiaguild.com\/index.php\/adelanto-de-new-world\/\"><\/a>\n\n  <\/div>\n    <\/div>\n  <\/div><div class=\"item item-1039 skin flat odd 1 \">\n        <div class=\"layer-wrapper layout-\">\n        <div class=\"layer-media\"><a href=\"https:\/\/furiaguild.com\/index.php\/new-world-mayo-de-2020\/\"><img decoding=\"async\" alt=\"\" src=\"https:\/\/furiaguild.com\/wp-content\/uploads\/2019\/12\/New-World-1024x576.jpeg\" \/><\/a><\/div>\n  <div class=\"layer-content\">\n    <div class=\"element element_0  title \">\n    <a target=\"\"\n    href=\"https:\/\/furiaguild.com\/index.php\/new-world-mayo-de-2020\/\">New World, Mayo de 2020.<\/a>\n\n  \n\n<\/div>\n<div class=\"element element_1  excerpt \">\n  Que nos va a ofrecer un juego como New World es algo complicado de explicar, ya que aunque inicialmente el  <\/div>\n<a class=\"element element_2  read_more \"\n  target=\"\"\n  href=\"https:\/\/furiaguild.com\/index.php\/new-world-mayo-de-2020\/\"><\/a>\n\n  <\/div>\n    <\/div>\n  <\/div><div class=\"item item-949 skin flat even 2 \">\n        <div class=\"layer-wrapper layout-\">\n        <div class=\"layer-media\"><a href=\"https:\/\/furiaguild.com\/index.php\/el-new-world-mas-cerca\/\"><img decoding=\"async\" alt=\"\" src=\"https:\/\/furiaguild.com\/wp-content\/uploads\/2019\/12\/NewWorld-Main-Big-1024x641.jpg\" \/><\/a><\/div>\n  <div class=\"layer-content\">\n    <div class=\"element element_0  title \">\n    <a target=\"\"\n    href=\"https:\/\/furiaguild.com\/index.php\/el-new-world-mas-cerca\/\">El New World m\u00e1s cerca<\/a>\n\n  \n\n<\/div>\n<div class=\"element element_1  excerpt \">\n  Parece que la compa\u00f1\u00eda Amazon va avanzando a pasos de gigante con su primer t\u00edtulo. New world promete ser un  <\/div>\n<a class=\"element element_2  read_more \"\n  target=\"\"\n  href=\"https:\/\/furiaguild.com\/index.php\/el-new-world-mas-cerca\/\"><\/a>\n\n  <\/div>\n    <\/div>\n  <\/div>    <\/div>\n    <div class=\"pagination\">\n      <div class=\"paginate\">\n      <\/div>\n  <style type=\"text\/css\">\n    #post-grid-1077 .pagination .page-numbers {\n      font-size: 16px;\n      color: #fff;\n      background: #646464;\n    }\n\n    #post-grid-1077 .pagination .page-numbers:hover,\n    #post-grid-1077 .pagination .page-numbers.current {\n      background: #4b4b4b;\n    }\n  <\/style>\n  <\/div>\n\n\n  \n\n    <script>\n          <\/script>\n    <style type=\"text\/css\">\n    #post-grid-1077 .element_0 {\n      display: block;font-size: 21px;line-height: normal;padding: 5px 10px;text-align: left;    }\n\n    #post-grid-1077 .element_1 {\n      display: block;font-size: 12px;padding: 5px 10px;text-align: left;    }\n\n    #post-grid-1077 .element_2 {\n      display: block;font-size: 12px;font-weight: bold;padding: 0 10px;text-align: left;    }\n\n    #post-grid-1077 .element_0:hover{}#post-grid-1077 .element_1:hover{}#post-grid-1077 .element_2:hover{}  <\/style>\n  <style type=\"text\/css\">\n    #post-grid-1077 {\n      padding: 10px;\n          }\n\n    #post-grid-1077 .item {\n      padding: 0px;\n      background: #fff;\n          }\n\n    #post-grid-1077 .item .layer-media {\n      height:auto;    }\n\n    @media only screen and (min-width: 0px) and (max-width: 767px) {\n      #post-grid-1077 .grid-items {\n        text-align: center;\n              }\n\n      #post-grid-1077 .item {\n        width: 90%;\n        margin: 10px;\n        display: inline-block;\n        vertical-align: top;\n        height:auto;      }\n    }\n\n    @media only screen and (min-width: 768px) and (max-width: 1023px) {\n      #post-grid-1077 .grid-items {\n        text-align: center;\n              }\n\n      #post-grid-1077 .item {\n        width: 280px;\n        margin: 10px;\n        display: inline-block;\n        vertical-align: top;\n        max-height:auto;      }\n    }\n\n    @media only screen and (min-width: 1024px) {\n      #post-grid-1077 .grid-items {\n        text-align: center;\n              }\n\n      #post-grid-1077 .item {\n        width: 280px;\n        display: inline-block;\n        margin: 10px;\n        vertical-align: top;\n        height:auto;      }\n    }\n\n      <\/style>\n  <\/div>\n\n<div data-animation=\"no-animation\" data-icons-animation=\"tada\" data-overlay=\"\" data-change-size=\"\" data-button-size=\"1\" style=\"font-size:1em!important;display:none;\" class=\"supsystic-social-sharing supsystic-social-sharing-package-flat supsystic-social-sharing-spacing supsystic-social-sharing-content supsystic-social-sharing-content-align-center\" data-text=\"\"><a data-networks=\"[]\" class=\"social-sharing-button sharer-flat sharer-flat-3 counter-standard without-counter facebook\" target=\"_blank\" title=\"Facebook\" href=\"http:\/\/www.facebook.com\/sharer.php?u=https%3A%2F%2Ffuriaguild.com%2Findex.php%2Fel-new-world-mas-cerca%2F\" data-main-href=\"http:\/\/www.facebook.com\/sharer.php?u={url}\" data-nid=\"1\" data-name=\"\" data-pid=\"2\" data-post-id=\"949\" data-url=\"https:\/\/furiaguild.com\/wp-admin\/admin-ajax.php\" data-description=\"El New World m\u00e1s cerca\" rel=\"nofollow\" data-mailto=\"\"><i class=\"fa-ssbs fa-ssbs-fw fa-ssbs-facebook\"><\/i><div class=\"counter-wrap standard\"><span class=\"counter\">0<\/span><\/div><\/a><a data-networks=\"[]\" class=\"social-sharing-button sharer-flat sharer-flat-3 counter-standard without-counter twitter\" target=\"_blank\" title=\"Twitter\" href=\"https:\/\/twitter.com\/share?url=https%3A%2F%2Ffuriaguild.com%2Findex.php%2Fel-new-world-mas-cerca%2F&text=El+New+World+m%C3%A1s+cerca\" data-main-href=\"https:\/\/twitter.com\/share?url={url}&text={title}\" data-nid=\"2\" data-name=\"\" data-pid=\"2\" data-post-id=\"949\" data-url=\"https:\/\/furiaguild.com\/wp-admin\/admin-ajax.php\" data-description=\"El New World m\u00e1s cerca\" rel=\"nofollow\" data-mailto=\"\"><i class=\"fa-ssbs fa-ssbs-fw fa-ssbs-twitter\"><\/i><div class=\"counter-wrap standard\"><span class=\"counter\">0<\/span><\/div><\/a><a data-networks=\"[]\" class=\"social-sharing-button sharer-flat sharer-flat-3 counter-standard without-counter reddit\" target=\"_blank\" title=\"Reddit\" href=\"http:\/\/reddit.com\/submit?url=https%3A%2F%2Ffuriaguild.com%2Findex.php%2Fel-new-world-mas-cerca%2F&title=El+New+World+m%C3%A1s+cerca\" data-main-href=\"http:\/\/reddit.com\/submit?url={url}&title={title}\" data-nid=\"6\" data-name=\"\" data-pid=\"2\" data-post-id=\"949\" data-url=\"https:\/\/furiaguild.com\/wp-admin\/admin-ajax.php\" data-description=\"El New World m\u00e1s cerca\" rel=\"nofollow\" data-mailto=\"\"><i class=\"fa-ssbs fa-ssbs-fw fa-ssbs-reddit\"><\/i><div class=\"counter-wrap standard\"><span class=\"counter\">0<\/span><\/div><\/a><a data-networks=\"[]\" class=\"social-sharing-button sharer-flat sharer-flat-3 counter-standard without-counter linkedin\" target=\"_blank\" title=\"Linkedin\" href=\"https:\/\/www.linkedin.com\/shareArticle?mini=true&title=El+New+World+m%C3%A1s+cerca&url=https%3A%2F%2Ffuriaguild.com%2Findex.php%2Fel-new-world-mas-cerca%2F\" data-main-href=\"https:\/\/www.linkedin.com\/shareArticle?mini=true&title={title}&url={url}\" data-nid=\"13\" data-name=\"\" data-pid=\"2\" data-post-id=\"949\" data-url=\"https:\/\/furiaguild.com\/wp-admin\/admin-ajax.php\" data-description=\"El New World m\u00e1s cerca\" rel=\"nofollow\" data-mailto=\"\"><i class=\"fa-ssbs fa-ssbs-fw fa-ssbs-linkedin\"><\/i><div class=\"counter-wrap standard\"><span class=\"counter\">0<\/span><\/div><\/a><a data-networks=\"[]\" class=\"social-sharing-button sharer-flat sharer-flat-3 counter-standard without-counter mail\" target=\"_blank\" title=\"Mail\" href=\"#\" data-main-href=\"#\" data-nid=\"16\" data-name=\"\" data-pid=\"2\" data-post-id=\"949\" data-url=\"https:\/\/furiaguild.com\/wp-admin\/admin-ajax.php\" data-description=\"El New World m\u00e1s cerca\" rel=\"nofollow\" data-mailto=\"\"><i class=\"fa-ssbs fa-ssbs-fw fa-ssbs-envelope-o\"><\/i><div class=\"counter-wrap standard\"><span class=\"counter\">0<\/span><\/div><\/a><a data-networks=\"[]\" class=\"social-sharing-button sharer-flat sharer-flat-3 counter-standard without-counter whatsapp\" target=\"_blank\" title=\"WhatsApp\" href=\"https:\/\/web.whatsapp.com\/send?text=https%3A%2F%2Ffuriaguild.com%2Findex.php%2Fel-new-world-mas-cerca%2F\" data-main-href=\"https:\/\/web.whatsapp.com\/send?text={url}\" data-nid=\"18\" data-name=\"\" data-pid=\"2\" data-post-id=\"949\" data-url=\"https:\/\/furiaguild.com\/wp-admin\/admin-ajax.php\" data-description=\"El New World m\u00e1s cerca\" rel=\"nofollow\" data-mailto=\"\"><i class=\"fa-ssbs fa-ssbs-fw fa-ssbs-whatsapp\"><\/i><div class=\"counter-wrap standard\"><span class=\"counter\">0<\/span><\/div><\/a><\/div>","protected":false},"excerpt":{"rendered":"<p>Parece que la compa\u00f1\u00eda Amazon va avanzando a pasos de gigante con su primer t\u00edtulo. New world promete ser un MMO survival con muchas funcionalidades interesantes, desde por supuesto la gesti\u00f3n de tu personaje y su supervivencia (agua, comida, recursos, etc&#8230;), pasando por la construcci\u00f3n de bases (en lugares predefinidos por el sistema), hasta las [&hellip;]<\/p>\n<div data-animation=\"no-animation\" data-icons-animation=\"tada\" data-overlay=\"\" data-change-size=\"\" data-button-size=\"1\" style=\"font-size:1em!important;display:none;\" class=\"supsystic-social-sharing supsystic-social-sharing-package-flat supsystic-social-sharing-spacing supsystic-social-sharing-content supsystic-social-sharing-content-align-center\" data-text=\"\"><a data-networks=\"[]\" class=\"social-sharing-button sharer-flat sharer-flat-3 counter-standard without-counter facebook\" target=\"_blank\" title=\"Facebook\" href=\"http:\/\/www.facebook.com\/sharer.php?u=https%3A%2F%2Ffuriaguild.com%2Findex.php%2Fel-new-world-mas-cerca%2F\" data-main-href=\"http:\/\/www.facebook.com\/sharer.php?u={url}\" data-nid=\"1\" data-name=\"\" data-pid=\"2\" data-post-id=\"949\" data-url=\"https:\/\/furiaguild.com\/wp-admin\/admin-ajax.php\" data-description=\"El New World m\u00e1s cerca\" rel=\"nofollow\" data-mailto=\"\"><i class=\"fa-ssbs fa-ssbs-fw fa-ssbs-facebook\"><\/i><div class=\"counter-wrap standard\"><span class=\"counter\">0<\/span><\/div><\/a><a data-networks=\"[]\" class=\"social-sharing-button sharer-flat sharer-flat-3 counter-standard without-counter twitter\" target=\"_blank\" title=\"Twitter\" href=\"https:\/\/twitter.com\/share?url=https%3A%2F%2Ffuriaguild.com%2Findex.php%2Fel-new-world-mas-cerca%2F&text=El+New+World+m%C3%A1s+cerca\" data-main-href=\"https:\/\/twitter.com\/share?url={url}&text={title}\" data-nid=\"2\" data-name=\"\" data-pid=\"2\" data-post-id=\"949\" data-url=\"https:\/\/furiaguild.com\/wp-admin\/admin-ajax.php\" data-description=\"El New World m\u00e1s cerca\" rel=\"nofollow\" data-mailto=\"\"><i class=\"fa-ssbs fa-ssbs-fw fa-ssbs-twitter\"><\/i><div class=\"counter-wrap standard\"><span class=\"counter\">0<\/span><\/div><\/a><a data-networks=\"[]\" class=\"social-sharing-button sharer-flat sharer-flat-3 counter-standard without-counter reddit\" target=\"_blank\" title=\"Reddit\" href=\"http:\/\/reddit.com\/submit?url=https%3A%2F%2Ffuriaguild.com%2Findex.php%2Fel-new-world-mas-cerca%2F&title=El+New+World+m%C3%A1s+cerca\" data-main-href=\"http:\/\/reddit.com\/submit?url={url}&title={title}\" data-nid=\"6\" data-name=\"\" data-pid=\"2\" data-post-id=\"949\" data-url=\"https:\/\/furiaguild.com\/wp-admin\/admin-ajax.php\" data-description=\"El New World m\u00e1s cerca\" rel=\"nofollow\" data-mailto=\"\"><i class=\"fa-ssbs fa-ssbs-fw fa-ssbs-reddit\"><\/i><div class=\"counter-wrap standard\"><span class=\"counter\">0<\/span><\/div><\/a><a data-networks=\"[]\" class=\"social-sharing-button sharer-flat sharer-flat-3 counter-standard without-counter linkedin\" target=\"_blank\" title=\"Linkedin\" href=\"https:\/\/www.linkedin.com\/shareArticle?mini=true&title=El+New+World+m%C3%A1s+cerca&url=https%3A%2F%2Ffuriaguild.com%2Findex.php%2Fel-new-world-mas-cerca%2F\" data-main-href=\"https:\/\/www.linkedin.com\/shareArticle?mini=true&title={title}&url={url}\" data-nid=\"13\" data-name=\"\" data-pid=\"2\" data-post-id=\"949\" data-url=\"https:\/\/furiaguild.com\/wp-admin\/admin-ajax.php\" data-description=\"El New World m\u00e1s cerca\" rel=\"nofollow\" data-mailto=\"\"><i class=\"fa-ssbs fa-ssbs-fw fa-ssbs-linkedin\"><\/i><div class=\"counter-wrap standard\"><span class=\"counter\">0<\/span><\/div><\/a><a data-networks=\"[]\" class=\"social-sharing-button sharer-flat sharer-flat-3 counter-standard without-counter mail\" target=\"_blank\" title=\"Mail\" href=\"#\" data-main-href=\"#\" data-nid=\"16\" data-name=\"\" data-pid=\"2\" data-post-id=\"949\" data-url=\"https:\/\/furiaguild.com\/wp-admin\/admin-ajax.php\" data-description=\"El New World m\u00e1s cerca\" rel=\"nofollow\" data-mailto=\"\"><i class=\"fa-ssbs fa-ssbs-fw fa-ssbs-envelope-o\"><\/i><div class=\"counter-wrap standard\"><span class=\"counter\">0<\/span><\/div><\/a><a data-networks=\"[]\" class=\"social-sharing-button sharer-flat sharer-flat-3 counter-standard without-counter whatsapp\" target=\"_blank\" title=\"WhatsApp\" href=\"https:\/\/web.whatsapp.com\/send?text=https%3A%2F%2Ffuriaguild.com%2Findex.php%2Fel-new-world-mas-cerca%2F\" data-main-href=\"https:\/\/web.whatsapp.com\/send?text={url}\" data-nid=\"18\" data-name=\"\" data-pid=\"2\" data-post-id=\"949\" data-url=\"https:\/\/furiaguild.com\/wp-admin\/admin-ajax.php\" data-description=\"El New World m\u00e1s cerca\" rel=\"nofollow\" data-mailto=\"\"><i class=\"fa-ssbs fa-ssbs-fw fa-ssbs-whatsapp\"><\/i><div class=\"counter-wrap standard\"><span class=\"counter\">0<\/span><\/div><\/a><\/div>","protected":false},"author":1,"featured_media":995,"parent":0,"menu_order":0,"comment_status":"closed","ping_status":"closed","template":"","meta":{"pgc_meta":"","_monsterinsights_skip_tracking":false,"_monsterinsights_sitenote_active":false,"_monsterinsights_sitenote_note":"","_monsterinsights_sitenote_category":0,"_uf_show_specific_survey":0,"_uf_disable_surveys":false,"footnotes":""},"class_list":["post-1078","page","type-page","status-publish","has-post-thumbnail","hentry"],"pgc_meta":"","_links":{"self":[{"href":"https:\/\/furiaguild.com\/index.php\/wp-json\/wp\/v2\/pages\/1078"}],"collection":[{"href":"https:\/\/furiaguild.com\/index.php\/wp-json\/wp\/v2\/pages"}],"about":[{"href":"https:\/\/furiaguild.com\/index.php\/wp-json\/wp\/v2\/types\/page"}],"author":[{"embeddable":true,"href":"https:\/\/furiaguild.com\/index.php\/wp-json\/wp\/v2\/users\/1"}],"replies":[{"embeddable":true,"href":"https:\/\/furiaguild.com\/index.php\/wp-json\/wp\/v2\/comments?post=1078"}],"version-history":[{"count":5,"href":"https:\/\/furiaguild.com\/index.php\/wp-json\/wp\/v2\/pages\/1078\/revisions"}],"predecessor-version":[{"id":1933,"href":"https:\/\/furiaguild.com\/index.php\/wp-json\/wp\/v2\/pages\/1078\/revisions\/1933"}],"wp:featuredmedia":[{"embeddable":true,"href":"https:\/\/furiaguild.com\/index.php\/wp-json\/wp\/v2\/media\/995"}],"wp:attachment":[{"href":"https:\/\/furiaguild.com\/index.php\/wp-json\/wp\/v2\/media?parent=1078"}],"curies":[{"name":"wp","href":"https:\/\/api.w.org\/{rel}","templated":true}]}}