{"id":1354,"date":"2020-04-10T21:25:33","date_gmt":"2020-04-10T20:25:33","guid":{"rendered":"https:\/\/furiaguild.com\/?page_id=1354"},"modified":"2024-08-13T15:59:10","modified_gmt":"2024-08-13T14:59:10","slug":"tl-transformaciones","status":"publish","type":"page","link":"https:\/\/furiaguild.com\/index.php\/tl-transformaciones\/","title":{"rendered":"TRANSFORMACIONES"},"content":{"rendered":"\n<h2 class=\"wp-block-heading\"><\/h2>\n\n\n\n<p>El sistema de transformaciones de Throne and Liberty te permite mutar a otras formas para disfrazarte o moverte m\u00e1s r\u00e1pido. Para transformarte , solo tienes que hacer clic en \u00abTransformaciones\u00bb en el men\u00fa principal para comenzar. Desde este men\u00fa podr\u00e1s seleccionar varias opciones diferentes:<\/p>\n\n\n\n<ul class=\"wp-block-list\">\n<li>Elige entre Metamorfosis y Cambiaformas.<\/li>\n\n\n\n<li>Elige el tipo de morfo<\/li>\n\n\n\n<li>Elige en qu\u00e9 forma deseas transformarte<\/li>\n\n\n\n<li>La forma que elijas se puede configurar como tu forma designada por defecto.<\/li>\n<\/ul>\n\n\n\n<h2 class=\"wp-block-heading\" id=\"MorphvsShapeshifting\">Metamorfosis vs. Cambiaformas<\/h2>\n\n\n\n<p>El Cambiaformas te permite cambiar tu apariencia. Mientras est\u00e9s en ese estado, tu nombre se mostrar\u00e1 de forma diferente y los NPC de la misma especie que tu forma cambiada no te atacar\u00e1n. Sin embargo, si atacas o interact\u00faas con algo, tu cambio de forma se cancelar\u00e1.<\/p>\n\n\n\n<figure class=\"wp-block-image size-full is-resized\"><img loading=\"lazy\" decoding=\"async\" width=\"580\" height=\"330\" src=\"https:\/\/furiaguild.com\/wp-content\/uploads\/2024\/07\/image-7.png\" alt=\"\" class=\"wp-image-1797\" style=\"width:504px;height:auto\" srcset=\"https:\/\/furiaguild.com\/wp-content\/uploads\/2024\/07\/image-7.png 580w, https:\/\/furiaguild.com\/wp-content\/uploads\/2024\/07\/image-7-300x171.png 300w\" sizes=\"(max-width: 580px) 100vw, 580px\" \/><\/figure>\n\n\n\n<p><br>En cambio la Metamorfosis es una habilidad especializada para viajar m\u00e1s r\u00e1pido mutando a un animal. Hay varios tipos de transformaciones disponibles, junto con un sistema de progresi\u00f3n y mejoras.<br><br><\/p>\n\n\n\n<h2 class=\"wp-block-heading\">Tipos de Metamorfosis<\/h2>\n\n\n\n<div class=\"wp-block-group has-global-padding is-layout-constrained wp-block-group-is-layout-constrained\">\n<p><br>Hay varios tipos diferentes de transformaciones que te permitir\u00e1n viajar m\u00e1s r\u00e1pido en el mundo:<\/p>\n<\/div>\n\n\n\n<h3 class=\"wp-block-heading\" id=\"DashMorph\">Metamorfosis terrestre<\/h3>\n\n\n\n<p>La transformaci\u00f3n en carrera te permite moverte m\u00e1s r\u00e1pido por el suelo. Esto te transformar\u00e1 en un animal, como un lobo. Puedes presionar la tecla predeterminada Shift o hacer clic en el bot\u00f3n de la rueda del mouse mientras te mueves para transformarte en la forma que desees al instante.<\/p>\n\n\n\n<p>Simplemente utilizar\u00e1s las teclas de movimiento W, A, S, D para acelerar y moverte. La resistencia se gastar\u00e1 mientras aceleras y cuando te quedes sin resistencia te cansar\u00e1s. Para cancelar la transformaci\u00f3n de la mano y volver a tu personaje normal, simplemente presiona Shift dos veces o haz clic en el bot\u00f3n de la rueda del mouse.<br><\/p>\n\n\n\n<figure class=\"wp-block-image size-large is-resized\"><img loading=\"lazy\" decoding=\"async\" width=\"1024\" height=\"576\" src=\"https:\/\/furiaguild.com\/wp-content\/uploads\/2024\/07\/image-6-1024x576.png\" alt=\"\" class=\"wp-image-1795\" style=\"width:515px;height:auto\" srcset=\"https:\/\/furiaguild.com\/wp-content\/uploads\/2024\/07\/image-6-1024x576.png 1024w, https:\/\/furiaguild.com\/wp-content\/uploads\/2024\/07\/image-6-300x169.png 300w, https:\/\/furiaguild.com\/wp-content\/uploads\/2024\/07\/image-6-768x432.png 768w, https:\/\/furiaguild.com\/wp-content\/uploads\/2024\/07\/image-6-1536x864.png 1536w, https:\/\/furiaguild.com\/wp-content\/uploads\/2024\/07\/image-6-710x399.png 710w, https:\/\/furiaguild.com\/wp-content\/uploads\/2024\/07\/image-6.png 1920w\" sizes=\"(max-width: 1024px) 100vw, 1024px\" \/><\/figure>\n\n\n\n<p><\/p>\n\n\n\n<p><\/p>\n\n\n\n<h3 class=\"wp-block-heading\" id=\"GlideMorph\">Metamorfosis a\u00e9rea<\/h3>\n\n\n\n<p>La transformaci\u00f3n a\u00e9rea te permite moverte m\u00e1s r\u00e1pido en el aire. Si saltas desde un espacio alto y presionas la tecla de espacio, te transformar\u00e1s en la transformaci\u00f3n que tengas designada. Para acelerar, presiona la tecla predeterminada \u00abW\u00bb. Usar\u00e1s resistencia mientras planeas y la agotar\u00e1s r\u00e1pidamente si aceleras mientras planeas. Una vez que te quedes sin resistencia, te cansar\u00e1s.<\/p>\n\n\n\n<p>Para ascender m\u00e1s alto, puedes utilizar la tecla predeterminada \u00abespacio\u00bb, pero al hacerlo tambi\u00e9n perder\u00e1s resistencia. Puedes cancelar la transformaci\u00f3n de planeo desliz\u00e1ndote cerca del suelo, haciendo clic en la rueda del mouse o presionando la tecla Shift dos veces<br><\/p>\n\n\n\n<figure class=\"wp-block-image size-large is-resized\"><img loading=\"lazy\" decoding=\"async\" width=\"1024\" height=\"576\" src=\"https:\/\/furiaguild.com\/wp-content\/uploads\/2024\/07\/image-3-1024x576.png\" alt=\"\" class=\"wp-image-1792\" style=\"width:509px;height:auto\" srcset=\"https:\/\/furiaguild.com\/wp-content\/uploads\/2024\/07\/image-3-1024x576.png 1024w, https:\/\/furiaguild.com\/wp-content\/uploads\/2024\/07\/image-3-300x169.png 300w, https:\/\/furiaguild.com\/wp-content\/uploads\/2024\/07\/image-3-768x432.png 768w, https:\/\/furiaguild.com\/wp-content\/uploads\/2024\/07\/image-3-1536x864.png 1536w, https:\/\/furiaguild.com\/wp-content\/uploads\/2024\/07\/image-3-710x399.png 710w, https:\/\/furiaguild.com\/wp-content\/uploads\/2024\/07\/image-3-1600x900.png 1600w, https:\/\/furiaguild.com\/wp-content\/uploads\/2024\/07\/image-3-1200x675.png 1200w, https:\/\/furiaguild.com\/wp-content\/uploads\/2024\/07\/image-3-620x349.png 620w, https:\/\/furiaguild.com\/wp-content\/uploads\/2024\/07\/image-3-400x225.png 400w, https:\/\/furiaguild.com\/wp-content\/uploads\/2024\/07\/image-3.png 1920w\" sizes=\"(max-width: 1024px) 100vw, 1024px\" \/><\/figure>\n\n\n\n<h3 class=\"wp-block-heading\" id=\"AquaticMorph\">Metamorfosis acu\u00e1tica<\/h3>\n\n\n\n<p>La forma acu\u00e1tica te permite moverte m\u00e1s r\u00e1pido bajo el agua. Te transformar\u00e1s en la forma acu\u00e1tica que te corresponda una vez que alcances cierta profundidad mientras nadas. Al igual que la forma terrestre, puedes moverte y acelerar utilizando las teclas W, A, S, D. La resistencia se usa cuando aceleras y cuando te quedas sin resistencia te agotas.<\/p>\n\n\n\n<p>Puedes cancelar la transformaci\u00f3n acu\u00e1tica saliendo del agua, haciendo clic con la rueda del mouse o presionando la tecla Shift dos veces.<br><\/p>\n\n\n\n<figure class=\"wp-block-image size-large is-resized\"><img loading=\"lazy\" decoding=\"async\" width=\"1024\" height=\"576\" src=\"https:\/\/furiaguild.com\/wp-content\/uploads\/2024\/07\/image-4-1024x576.png\" alt=\"\" class=\"wp-image-1793\" style=\"width:505px;height:auto\" srcset=\"https:\/\/furiaguild.com\/wp-content\/uploads\/2024\/07\/image-4-1024x576.png 1024w, https:\/\/furiaguild.com\/wp-content\/uploads\/2024\/07\/image-4-300x169.png 300w, https:\/\/furiaguild.com\/wp-content\/uploads\/2024\/07\/image-4-768x432.png 768w, https:\/\/furiaguild.com\/wp-content\/uploads\/2024\/07\/image-4-1536x864.png 1536w, https:\/\/furiaguild.com\/wp-content\/uploads\/2024\/07\/image-4-710x399.png 710w, https:\/\/furiaguild.com\/wp-content\/uploads\/2024\/07\/image-4.png 1920w\" sizes=\"(max-width: 1024px) 100vw, 1024px\" \/><\/figure>\n\n\n\n<p><\/p>\n\n\n\n<h2 class=\"wp-block-heading\" id=\"MorphProgression\">Progresi\u00f3n de las transformaciones<\/h2>\n\n\n\n<p>Una vez que hayas desbloqueado las transformaciones, podr\u00e1s progresar en cada tipo de transformaci\u00f3n de TL para ganar bonificaciones por esa transformaci\u00f3n. Esto se hace ganando puntos de crecimiento. Puedes ver tu nivel actual para cada tipo de transformaci\u00f3n en el men\u00fa de transformaciones. Los efectos o bonificaciones activos actuales tambi\u00e9n se pueden ver en el men\u00fa. Las bonificaciones se acumular\u00e1n a medida que adquieras puntos de crecimiento y subas de nivel con un tipo de transformaci\u00f3n en particular.<\/p>\n\n\n\n<p>Por ejemplo, los primeros 6 niveles de la metamorfosis terrestre incluyen lo siguiente:<\/p>\n\n\n\n<ul class=\"wp-block-list\">\n<li>Bonificaci\u00f3n de tasa de aceleraci\u00f3n de transformaci\u00f3n de carrera +24 %<\/li>\n\n\n\n<li>Bonificaci\u00f3n de velocidad de movimiento de metamorfosis de carrera +5 %<\/li>\n\n\n\n<li>Eficiencia del costo de resistencia de aceleraci\u00f3n al correr +15 %<\/li>\n\n\n\n<li>Bonificaci\u00f3n de tasa de aceleraci\u00f3n de transformaci\u00f3n de carrera +10 %<\/li>\n\n\n\n<li>Bonificaci\u00f3n de velocidad de movimiento de metamorfosis de carrera +5 %<\/li>\n\n\n\n<li>Bonificaci\u00f3n de tasa de aceleraci\u00f3n de transformaci\u00f3n de carrera +2 %<\/li>\n<\/ul>\n\n\n\n<p>Entonces, cuando realizas una metamorfosis con impulso, recibir\u00e1s una bonificaci\u00f3n total de aceleraci\u00f3n de metamorfosis con impulso del 36 % junto con la acumulaci\u00f3n de las otras bonificaciones. Deber\u00e1s subir de nivel cada tipo de metamorfosis por separado para recibir sus bonificaciones.<\/p>\n\n\n\n<h3 class=\"wp-block-heading\" id=\"LithographBook\">Libro de litograf\u00edas<\/h3>\n\n\n\n<p>Junto con los puntos de crecimiento, tambi\u00e9n hay un libro de litograf\u00edas vinculado a tus metamorfosis. Deber\u00e1s recolectar ciertas formas para completar esa entrada en el libro. Una vez que completes la entrada, recibir\u00e1s una mejora. Estas mejoras siempre est\u00e1n activas.<\/p>\n\n\n\n<p>Por ejemplo, completar la entrada del libro llamada Ojos penetrantes te otorgar\u00e1 resistencia m\u00e1xima +4.<\/p>\n<div data-animation=\"no-animation\" data-icons-animation=\"tada\" data-overlay=\"\" data-change-size=\"\" data-button-size=\"1\" style=\"font-size:1em!important;display:none;\" class=\"supsystic-social-sharing supsystic-social-sharing-package-flat supsystic-social-sharing-spacing supsystic-social-sharing-content supsystic-social-sharing-content-align-center\" data-text=\"\"><a data-networks=\"[]\" class=\"social-sharing-button sharer-flat sharer-flat-3 counter-standard without-counter facebook\" target=\"_blank\" title=\"Facebook\" href=\"http:\/\/www.facebook.com\/sharer.php?u=https%3A%2F%2Ffuriaguild.com%2Findex.php%2Ftl-transformaciones%2F\" data-main-href=\"http:\/\/www.facebook.com\/sharer.php?u={url}\" data-nid=\"1\" data-name=\"\" data-pid=\"2\" data-post-id=\"1354\" data-url=\"https:\/\/furiaguild.com\/wp-admin\/admin-ajax.php\" data-description=\"TRANSFORMACIONES\" rel=\"nofollow\" data-mailto=\"\"><i class=\"fa-ssbs fa-ssbs-fw fa-ssbs-facebook\"><\/i><div class=\"counter-wrap standard\"><span class=\"counter\">0<\/span><\/div><\/a><a data-networks=\"[]\" class=\"social-sharing-button sharer-flat sharer-flat-3 counter-standard without-counter twitter\" target=\"_blank\" title=\"Twitter\" href=\"https:\/\/twitter.com\/share?url=https%3A%2F%2Ffuriaguild.com%2Findex.php%2Ftl-transformaciones%2F&text=TRANSFORMACIONES\" data-main-href=\"https:\/\/twitter.com\/share?url={url}&text={title}\" data-nid=\"2\" data-name=\"\" data-pid=\"2\" data-post-id=\"1354\" data-url=\"https:\/\/furiaguild.com\/wp-admin\/admin-ajax.php\" data-description=\"TRANSFORMACIONES\" rel=\"nofollow\" data-mailto=\"\"><i class=\"fa-ssbs fa-ssbs-fw fa-ssbs-twitter\"><\/i><div class=\"counter-wrap standard\"><span class=\"counter\">0<\/span><\/div><\/a><a data-networks=\"[]\" class=\"social-sharing-button sharer-flat sharer-flat-3 counter-standard without-counter reddit\" target=\"_blank\" title=\"Reddit\" href=\"http:\/\/reddit.com\/submit?url=https%3A%2F%2Ffuriaguild.com%2Findex.php%2Ftl-transformaciones%2F&title=TRANSFORMACIONES\" data-main-href=\"http:\/\/reddit.com\/submit?url={url}&title={title}\" data-nid=\"6\" data-name=\"\" data-pid=\"2\" data-post-id=\"1354\" data-url=\"https:\/\/furiaguild.com\/wp-admin\/admin-ajax.php\" data-description=\"TRANSFORMACIONES\" rel=\"nofollow\" data-mailto=\"\"><i class=\"fa-ssbs fa-ssbs-fw fa-ssbs-reddit\"><\/i><div class=\"counter-wrap standard\"><span class=\"counter\">0<\/span><\/div><\/a><a data-networks=\"[]\" class=\"social-sharing-button sharer-flat sharer-flat-3 counter-standard without-counter linkedin\" target=\"_blank\" title=\"Linkedin\" href=\"https:\/\/www.linkedin.com\/shareArticle?mini=true&title=TRANSFORMACIONES&url=https%3A%2F%2Ffuriaguild.com%2Findex.php%2Ftl-transformaciones%2F\" data-main-href=\"https:\/\/www.linkedin.com\/shareArticle?mini=true&title={title}&url={url}\" data-nid=\"13\" data-name=\"\" data-pid=\"2\" data-post-id=\"1354\" data-url=\"https:\/\/furiaguild.com\/wp-admin\/admin-ajax.php\" data-description=\"TRANSFORMACIONES\" rel=\"nofollow\" data-mailto=\"\"><i class=\"fa-ssbs fa-ssbs-fw fa-ssbs-linkedin\"><\/i><div class=\"counter-wrap standard\"><span class=\"counter\">0<\/span><\/div><\/a><a data-networks=\"[]\" class=\"social-sharing-button sharer-flat sharer-flat-3 counter-standard without-counter mail\" target=\"_blank\" title=\"Mail\" href=\"#\" data-main-href=\"#\" data-nid=\"16\" data-name=\"\" data-pid=\"2\" data-post-id=\"1354\" data-url=\"https:\/\/furiaguild.com\/wp-admin\/admin-ajax.php\" data-description=\"TRANSFORMACIONES\" rel=\"nofollow\" data-mailto=\"\"><i class=\"fa-ssbs fa-ssbs-fw fa-ssbs-envelope-o\"><\/i><div class=\"counter-wrap standard\"><span class=\"counter\">0<\/span><\/div><\/a><a data-networks=\"[]\" class=\"social-sharing-button sharer-flat sharer-flat-3 counter-standard without-counter whatsapp\" target=\"_blank\" title=\"WhatsApp\" href=\"https:\/\/web.whatsapp.com\/send?text=https%3A%2F%2Ffuriaguild.com%2Findex.php%2Ftl-transformaciones%2F\" data-main-href=\"https:\/\/web.whatsapp.com\/send?text={url}\" data-nid=\"18\" data-name=\"\" data-pid=\"2\" data-post-id=\"1354\" data-url=\"https:\/\/furiaguild.com\/wp-admin\/admin-ajax.php\" data-description=\"TRANSFORMACIONES\" rel=\"nofollow\" data-mailto=\"\"><i class=\"fa-ssbs fa-ssbs-fw fa-ssbs-whatsapp\"><\/i><div class=\"counter-wrap standard\"><span class=\"counter\">0<\/span><\/div><\/a><\/div>","protected":false},"excerpt":{"rendered":"<p>El sistema de transformaciones de Throne and Liberty te permite mutar a otras formas para disfrazarte o moverte m\u00e1s r\u00e1pido. Para transformarte , solo tienes que hacer clic en \u00abTransformaciones\u00bb en el men\u00fa principal para comenzar. Desde este men\u00fa podr\u00e1s seleccionar varias opciones diferentes: Elige entre Metamorfosis y Cambiaformas. Elige el tipo de morfo Elige [&hellip;]<\/p>\n<div data-animation=\"no-animation\" data-icons-animation=\"tada\" data-overlay=\"\" data-change-size=\"\" data-button-size=\"1\" style=\"font-size:1em!important;display:none;\" class=\"supsystic-social-sharing supsystic-social-sharing-package-flat supsystic-social-sharing-spacing supsystic-social-sharing-content supsystic-social-sharing-content-align-center\" data-text=\"\"><a data-networks=\"[]\" class=\"social-sharing-button sharer-flat sharer-flat-3 counter-standard without-counter facebook\" target=\"_blank\" title=\"Facebook\" href=\"http:\/\/www.facebook.com\/sharer.php?u=https%3A%2F%2Ffuriaguild.com%2Findex.php%2Ftl-transformaciones%2F\" data-main-href=\"http:\/\/www.facebook.com\/sharer.php?u={url}\" data-nid=\"1\" data-name=\"\" data-pid=\"2\" data-post-id=\"1354\" data-url=\"https:\/\/furiaguild.com\/wp-admin\/admin-ajax.php\" data-description=\"TRANSFORMACIONES\" rel=\"nofollow\" data-mailto=\"\"><i class=\"fa-ssbs fa-ssbs-fw fa-ssbs-facebook\"><\/i><div class=\"counter-wrap standard\"><span class=\"counter\">0<\/span><\/div><\/a><a data-networks=\"[]\" class=\"social-sharing-button sharer-flat sharer-flat-3 counter-standard without-counter twitter\" target=\"_blank\" title=\"Twitter\" href=\"https:\/\/twitter.com\/share?url=https%3A%2F%2Ffuriaguild.com%2Findex.php%2Ftl-transformaciones%2F&text=TRANSFORMACIONES\" data-main-href=\"https:\/\/twitter.com\/share?url={url}&text={title}\" data-nid=\"2\" data-name=\"\" data-pid=\"2\" data-post-id=\"1354\" data-url=\"https:\/\/furiaguild.com\/wp-admin\/admin-ajax.php\" data-description=\"TRANSFORMACIONES\" rel=\"nofollow\" data-mailto=\"\"><i class=\"fa-ssbs fa-ssbs-fw fa-ssbs-twitter\"><\/i><div class=\"counter-wrap standard\"><span class=\"counter\">0<\/span><\/div><\/a><a data-networks=\"[]\" class=\"social-sharing-button sharer-flat sharer-flat-3 counter-standard without-counter reddit\" target=\"_blank\" title=\"Reddit\" href=\"http:\/\/reddit.com\/submit?url=https%3A%2F%2Ffuriaguild.com%2Findex.php%2Ftl-transformaciones%2F&title=TRANSFORMACIONES\" data-main-href=\"http:\/\/reddit.com\/submit?url={url}&title={title}\" data-nid=\"6\" data-name=\"\" data-pid=\"2\" data-post-id=\"1354\" data-url=\"https:\/\/furiaguild.com\/wp-admin\/admin-ajax.php\" data-description=\"TRANSFORMACIONES\" rel=\"nofollow\" data-mailto=\"\"><i class=\"fa-ssbs fa-ssbs-fw fa-ssbs-reddit\"><\/i><div class=\"counter-wrap standard\"><span class=\"counter\">0<\/span><\/div><\/a><a data-networks=\"[]\" class=\"social-sharing-button sharer-flat sharer-flat-3 counter-standard without-counter linkedin\" target=\"_blank\" title=\"Linkedin\" href=\"https:\/\/www.linkedin.com\/shareArticle?mini=true&title=TRANSFORMACIONES&url=https%3A%2F%2Ffuriaguild.com%2Findex.php%2Ftl-transformaciones%2F\" data-main-href=\"https:\/\/www.linkedin.com\/shareArticle?mini=true&title={title}&url={url}\" data-nid=\"13\" data-name=\"\" data-pid=\"2\" data-post-id=\"1354\" data-url=\"https:\/\/furiaguild.com\/wp-admin\/admin-ajax.php\" data-description=\"TRANSFORMACIONES\" rel=\"nofollow\" data-mailto=\"\"><i class=\"fa-ssbs fa-ssbs-fw fa-ssbs-linkedin\"><\/i><div class=\"counter-wrap standard\"><span class=\"counter\">0<\/span><\/div><\/a><a data-networks=\"[]\" class=\"social-sharing-button sharer-flat sharer-flat-3 counter-standard without-counter mail\" target=\"_blank\" title=\"Mail\" href=\"#\" data-main-href=\"#\" data-nid=\"16\" data-name=\"\" data-pid=\"2\" data-post-id=\"1354\" data-url=\"https:\/\/furiaguild.com\/wp-admin\/admin-ajax.php\" data-description=\"TRANSFORMACIONES\" rel=\"nofollow\" data-mailto=\"\"><i class=\"fa-ssbs fa-ssbs-fw fa-ssbs-envelope-o\"><\/i><div class=\"counter-wrap standard\"><span class=\"counter\">0<\/span><\/div><\/a><a data-networks=\"[]\" class=\"social-sharing-button sharer-flat sharer-flat-3 counter-standard without-counter whatsapp\" target=\"_blank\" title=\"WhatsApp\" href=\"https:\/\/web.whatsapp.com\/send?text=https%3A%2F%2Ffuriaguild.com%2Findex.php%2Ftl-transformaciones%2F\" data-main-href=\"https:\/\/web.whatsapp.com\/send?text={url}\" data-nid=\"18\" data-name=\"\" data-pid=\"2\" data-post-id=\"1354\" data-url=\"https:\/\/furiaguild.com\/wp-admin\/admin-ajax.php\" data-description=\"TRANSFORMACIONES\" rel=\"nofollow\" data-mailto=\"\"><i class=\"fa-ssbs fa-ssbs-fw fa-ssbs-whatsapp\"><\/i><div class=\"counter-wrap standard\"><span class=\"counter\">0<\/span><\/div><\/a><\/div>","protected":false},"author":5,"featured_media":0,"parent":0,"menu_order":0,"comment_status":"closed","ping_status":"closed","template":"","meta":{"pgc_meta":"","_monsterinsights_skip_tracking":false,"_monsterinsights_sitenote_active":false,"_monsterinsights_sitenote_note":"","_monsterinsights_sitenote_category":0,"_uf_show_specific_survey":0,"_uf_disable_surveys":false,"footnotes":""},"class_list":["post-1354","page","type-page","status-publish","hentry"],"pgc_meta":"","_links":{"self":[{"href":"https:\/\/furiaguild.com\/index.php\/wp-json\/wp\/v2\/pages\/1354"}],"collection":[{"href":"https:\/\/furiaguild.com\/index.php\/wp-json\/wp\/v2\/pages"}],"about":[{"href":"https:\/\/furiaguild.com\/index.php\/wp-json\/wp\/v2\/types\/page"}],"author":[{"embeddable":true,"href":"https:\/\/furiaguild.com\/index.php\/wp-json\/wp\/v2\/users\/5"}],"replies":[{"embeddable":true,"href":"https:\/\/furiaguild.com\/index.php\/wp-json\/wp\/v2\/comments?post=1354"}],"version-history":[{"count":10,"href":"https:\/\/furiaguild.com\/index.php\/wp-json\/wp\/v2\/pages\/1354\/revisions"}],"predecessor-version":[{"id":1825,"href":"https:\/\/furiaguild.com\/index.php\/wp-json\/wp\/v2\/pages\/1354\/revisions\/1825"}],"wp:attachment":[{"href":"https:\/\/furiaguild.com\/index.php\/wp-json\/wp\/v2\/media?parent=1354"}],"curies":[{"name":"wp","href":"https:\/\/api.w.org\/{rel}","templated":true}]}}