{"id":1740,"date":"2023-11-18T19:54:13","date_gmt":"2023-11-18T18:54:13","guid":{"rendered":"https:\/\/furiaguild.com\/?page_id=1740"},"modified":"2023-11-18T20:00:37","modified_gmt":"2023-11-18T19:00:37","slug":"throne-and-liberty","status":"publish","type":"page","link":"https:\/\/furiaguild.com\/index.php\/throne-and-liberty\/","title":{"rendered":"THRONE AND LIBERTY"},"content":{"rendered":"<div class=\"widget-title\">\n<h1>\u00bfQUE ES THRONE AND LIBERTY?<\/h1>\n<\/div>\n<div class=\"td-wrap-content\">\n<div id=\"post-1207\" class=\"post-1207 page type-page status-publish hentry\">\n<div class=\"post-entry\">\n<div class=\"td-fly-in already-visible td-fly-in-effect\">\n<h2 class=\"wp-block-heading\"><strong>El desarrollo de Throne And Liberty<\/strong><\/h2>\n<p class=\"has-text-color\">Throne and Liberty es un nuevo MMORPG desarrollado por NCSOFT catalogado como videojuego de pr\u00f3xima generaci\u00f3n debido a sus sistemas innovadores que ver\u00e1 la luz en el primer semestre de 2023 para PC y consolas.<\/p>\n<p class=\"has-text-color\">Inicialmente fue desarrollado como una nueva entrega de la saga Lineage pero sufri\u00f3 modificaciones hasta haberse convertido en Project TL, o como es conocido a d\u00eda de hoy, Throne and Liberty. Convirti\u00e9ndose en una IP totalmente diferente e independiente del universo Lineage.<\/p>\n<p class=\"has-text-color\">Throne and Liberty promete ser un rayo de luz para el g\u00e9nero MMORPG, ya que lleva atascado varios a\u00f1os sin traer mucha novedad en sus mec\u00e1nicas.<\/p>\n<hr class=\"wp-block-separator has-text-color has-alpha-channel-opacity has-background\">\n<h2 class=\"wp-block-heading\"><strong>Dise\u00f1o del mundo<\/strong><\/h2>\n<p class=\"has-text-color\">Throne and Liberty contar\u00e1 con un mundo abierto sin instancias. Las mazmorras, ciudades y campos formar\u00e1n parte del mismo mapa favoreciendo as\u00ed la interacci\u00f3n entre los jugadores, algo que seg\u00fan NCSOFT se ha perdido con el tiempo en el g\u00e9nero y que se necesita recuperar.<\/p>\n<p class=\"has-text-color\">Seg\u00fan los propios desarrolladores debido a limitaciones t\u00e9cnicas y mejora de rendimiento a d\u00eda de hoy todos los sistemas de juegos MMO\u2019s est\u00e1n instanciados y creen que eso es contrario a lo que debe sentir un jugador de este g\u00e9nero.<\/p>\n<div class=\"wp-block-image\">\n<figure class=\"aligncenter size-large\"><img loading=\"lazy\" decoding=\"async\" class=\"alignnone size-full wp-image-1742\" src=\"https:\/\/furiaguild.com\/wp-content\/uploads\/2023\/11\/1.1.png\" alt=\"\" width=\"1024\" height=\"576\" srcset=\"https:\/\/furiaguild.com\/wp-content\/uploads\/2023\/11\/1.1.png 1024w, https:\/\/furiaguild.com\/wp-content\/uploads\/2023\/11\/1.1-300x169.png 300w, https:\/\/furiaguild.com\/wp-content\/uploads\/2023\/11\/1.1-768x432.png 768w, https:\/\/furiaguild.com\/wp-content\/uploads\/2023\/11\/1.1-710x399.png 710w, https:\/\/furiaguild.com\/wp-content\/uploads\/2023\/11\/1.1-600x338.png 600w\" sizes=\"(max-width: 1024px) 100vw, 1024px\" \/><\/figure>\n<\/div>\n<hr class=\"wp-block-separator has-text-color has-alpha-channel-opacity has-background\">\n<h2 class=\"wp-block-heading\"><strong>Cambios de clima<\/strong><\/h2>\n<p class=\"has-text-color\">Como mencion\u00e1bamos anteriormente, Throne and Liberty contar\u00e1 con sistemas muy innovadores y avanzados que no hemos visto hasta ahora en ning\u00fan MMORPG.<\/p>\n<p class=\"has-text-color\">El m\u00e1s destacable es el efecto del propio clima, que afectar\u00e1 no s\u00f3lo a nuestro entorno si no a las habilidades de los propios jugadores.<\/p>\n<h3 class=\"wp-block-heading\"><strong>Cambios en el entorno<\/strong><\/h3>\n<p class=\"has-text-color\">El efecto del clima en el mundo es algo de lo que NCSOFT est\u00e1 orgulloso de anunciar, ya que este modificar\u00e1 accesos a diferentes zonas, mazmorras e incluso campos de batalla.<\/p>\n<p class=\"has-text-color\">Como ejemplo tenemos el acceso a dichas mazmorras las cu\u00e1les no se podr\u00e1n realizar hasta que llueva, s\u00f3lo el agua recorriendo sus canales abrir\u00edan la puerta para poder explorar su interior, provocando que los jugadores deban conocer el tiempo y adaptarse a este nuevo mundo evolutivo.<\/p>\n<p class=\"has-text-color\">Otro claro ejemplo es uno de los campos de batalla de gremios, el cu\u00e1l si se inunda con la lluvia impedir\u00e1 el paso por las zonas inferiores modificando as\u00ed el \u00e1rea de combate y haciendo una vez m\u00e1s, que el jugador deba adaptarse al entorno.<\/p>\n<div class=\"wp-block-image\">\n<figure class=\"aligncenter size-large\"><img loading=\"lazy\" decoding=\"async\" class=\"alignnone size-full wp-image-1743\" src=\"https:\/\/furiaguild.com\/wp-content\/uploads\/2023\/11\/1.2.png\" alt=\"\" width=\"1024\" height=\"307\" srcset=\"https:\/\/furiaguild.com\/wp-content\/uploads\/2023\/11\/1.2.png 1024w, https:\/\/furiaguild.com\/wp-content\/uploads\/2023\/11\/1.2-300x90.png 300w, https:\/\/furiaguild.com\/wp-content\/uploads\/2023\/11\/1.2-768x230.png 768w, https:\/\/furiaguild.com\/wp-content\/uploads\/2023\/11\/1.2-710x213.png 710w, https:\/\/furiaguild.com\/wp-content\/uploads\/2023\/11\/1.2-600x180.png 600w\" sizes=\"(max-width: 1024px) 100vw, 1024px\" \/><\/figure>\n<\/div>\n<h3 class=\"wp-block-heading\"><strong>Cambios en el combate<\/strong><\/h3>\n<p class=\"has-text-color\">Como dec\u00edamos, el clima no s\u00f3lo afectar\u00e1 al entorno, si no que tambi\u00e9n los enemigos variar\u00e1n su comportamiento y dureza seg\u00fan el clima. Como ciertos jefes de mundo que si se fortalecen con el agua mejorar\u00e1n su da\u00f1o y vida en momentos de lluvia. Pero abatirlo en este estado mejorar\u00e1 su drop.<\/p>\n<p class=\"has-text-color\">Tambi\u00e9n las habilidades de los propios jugadores se ven alteradas por el clima. Como ejemplo, si un d\u00eda hace viento, los ataques a rango de un arquero se ver\u00e1n modificados en alcance, debiendo acercarse m\u00e1s al enemigo si tiene el viento en contra o tener m\u00e1s rango si sopla a favor. El paso sombr\u00edo de las dagas te dar\u00e1 mayor velocidad de movimiento si lo usamos de noche. As\u00ed como el veneno o sangrados del rogue variar\u00e1n su comportamiento dependiendo de si es de d\u00eda o de noche.<\/p>\n<p class=\"has-text-color\">El ejemplo m\u00e1s claro es la habilidad el\u00e9ctrica del mago, que ser\u00e1 unitarget si el clima es seco pero si el enemigo est\u00e1 mojado o est\u00e1 lloviendo la habilidad saltar\u00e1 entre los enemigos cercanos, convirti\u00e9ndose en un ataque de \u00e1rea.<\/p>\n<div class=\"wp-block-image\">\n<figure class=\"aligncenter size-large\"><img loading=\"lazy\" decoding=\"async\" class=\"alignnone size-full wp-image-1744\" src=\"https:\/\/furiaguild.com\/wp-content\/uploads\/2023\/11\/1.3.png\" alt=\"\" width=\"1024\" height=\"516\" srcset=\"https:\/\/furiaguild.com\/wp-content\/uploads\/2023\/11\/1.3.png 1024w, https:\/\/furiaguild.com\/wp-content\/uploads\/2023\/11\/1.3-300x151.png 300w, https:\/\/furiaguild.com\/wp-content\/uploads\/2023\/11\/1.3-768x387.png 768w, https:\/\/furiaguild.com\/wp-content\/uploads\/2023\/11\/1.3-710x358.png 710w, https:\/\/furiaguild.com\/wp-content\/uploads\/2023\/11\/1.3-600x302.png 600w\" sizes=\"(max-width: 1024px) 100vw, 1024px\" \/><\/figure>\n<\/div>\n<hr class=\"wp-block-separator has-text-color has-alpha-channel-opacity has-background\">\n<h2 class=\"wp-block-heading\"><strong>Contenido y combate<\/strong>&nbsp;<strong>de Throne And Liberty<\/strong><\/h2>\n<p class=\"has-text-color\">Throne and Liberty contar\u00e1 con una gran base de contenido PvE sobre el que se construyen sistemas de PvP.<\/p>\n<p class=\"has-text-color\">La desarrolladora NCSOFT nos confirm\u00f3 que la mayor\u00eda de zonas del juego son zonas seguras donde no estar\u00e1 permitido el PvP y s\u00f3lo podremos acceder a \u00e9l mediante eventos de mundo que ir\u00e1n apareciendo de forma aleatoria. Esto implica que tambi\u00e9n habr\u00e1 zonas que no son seguras, enfoc\u00e1ndose quiz\u00e1 a zonas de PvP abierto con sistema de PK aplicado a ellas.<\/p>\n<h3 class=\"wp-block-heading\"><strong>Contenido PvE<\/strong><\/h3>\n<p class=\"has-text-color\">El contenido PvE del juego estar\u00e1 enfocado en una fuerte narrativa acompa\u00f1ado de cinem\u00e1ticas, misiones de historia principal, misiones secundarias, jefes de mundo abierto, mazmorras sin instancias, eventos PvE, sistema de recolecci\u00f3n y sistema de crafting.<\/p>\n<div class=\"wp-block-image\">\n<figure class=\"aligncenter size-large\"><img loading=\"lazy\" decoding=\"async\" class=\"alignnone size-full wp-image-1745\" src=\"https:\/\/furiaguild.com\/wp-content\/uploads\/2023\/11\/1.4.png\" alt=\"\" width=\"1024\" height=\"576\" srcset=\"https:\/\/furiaguild.com\/wp-content\/uploads\/2023\/11\/1.4.png 1024w, https:\/\/furiaguild.com\/wp-content\/uploads\/2023\/11\/1.4-300x169.png 300w, https:\/\/furiaguild.com\/wp-content\/uploads\/2023\/11\/1.4-768x432.png 768w, https:\/\/furiaguild.com\/wp-content\/uploads\/2023\/11\/1.4-710x399.png 710w, https:\/\/furiaguild.com\/wp-content\/uploads\/2023\/11\/1.4-600x338.png 600w\" sizes=\"(max-width: 1024px) 100vw, 1024px\" \/><\/figure>\n<\/div>\n<h3 class=\"wp-block-heading\"><strong>Contenido PvP<\/strong><\/h3>\n<p class=\"has-text-color\">El contenido PvP del juego estar\u00e1 enfocado en arenas\/campos de batalla, guerras entre clanes, asedios a castillos, posibles zonas de PvP abierto con sistema de PK y eventos aleatorios PvP.<\/p>\n<div class=\"wp-block-image\">\n<figure class=\"aligncenter size-large\"><img loading=\"lazy\" decoding=\"async\" class=\"alignnone size-full wp-image-1746\" src=\"https:\/\/furiaguild.com\/wp-content\/uploads\/2023\/11\/1.5.png\" alt=\"\" width=\"1024\" height=\"576\" srcset=\"https:\/\/furiaguild.com\/wp-content\/uploads\/2023\/11\/1.5.png 1024w, https:\/\/furiaguild.com\/wp-content\/uploads\/2023\/11\/1.5-300x169.png 300w, https:\/\/furiaguild.com\/wp-content\/uploads\/2023\/11\/1.5-768x432.png 768w, https:\/\/furiaguild.com\/wp-content\/uploads\/2023\/11\/1.5-710x399.png 710w, https:\/\/furiaguild.com\/wp-content\/uploads\/2023\/11\/1.5-600x338.png 600w\" sizes=\"(max-width: 1024px) 100vw, 1024px\" \/><\/figure>\n<\/div>\n<\/div>\n<\/div>\n<\/div>\n<\/div>\n<h1><\/h1>\n<h3 class=\"ags-HeroModule-content-subheader\"><\/h3>\n<div data-animation=\"no-animation\" data-icons-animation=\"tada\" data-overlay=\"\" data-change-size=\"\" data-button-size=\"1\" style=\"font-size:1em!important;display:none;\" class=\"supsystic-social-sharing supsystic-social-sharing-package-flat supsystic-social-sharing-spacing supsystic-social-sharing-content supsystic-social-sharing-content-align-center\" data-text=\"\"><a data-networks=\"[]\" class=\"social-sharing-button sharer-flat sharer-flat-3 counter-standard without-counter facebook\" target=\"_blank\" title=\"Facebook\" href=\"http:\/\/www.facebook.com\/sharer.php?u=https%3A%2F%2Ffuriaguild.com%2Findex.php%2Fthrone-and-liberty%2F\" data-main-href=\"http:\/\/www.facebook.com\/sharer.php?u={url}\" data-nid=\"1\" data-name=\"\" data-pid=\"2\" data-post-id=\"1740\" data-url=\"https:\/\/furiaguild.com\/wp-admin\/admin-ajax.php\" data-description=\"THRONE AND LIBERTY\" rel=\"nofollow\" data-mailto=\"\"><i class=\"fa-ssbs fa-ssbs-fw fa-ssbs-facebook\"><\/i><div class=\"counter-wrap standard\"><span class=\"counter\">0<\/span><\/div><\/a><a data-networks=\"[]\" class=\"social-sharing-button sharer-flat sharer-flat-3 counter-standard without-counter twitter\" target=\"_blank\" title=\"Twitter\" href=\"https:\/\/twitter.com\/share?url=https%3A%2F%2Ffuriaguild.com%2Findex.php%2Fthrone-and-liberty%2F&text=THRONE+AND+LIBERTY\" data-main-href=\"https:\/\/twitter.com\/share?url={url}&text={title}\" data-nid=\"2\" data-name=\"\" data-pid=\"2\" data-post-id=\"1740\" data-url=\"https:\/\/furiaguild.com\/wp-admin\/admin-ajax.php\" data-description=\"THRONE AND LIBERTY\" rel=\"nofollow\" data-mailto=\"\"><i class=\"fa-ssbs fa-ssbs-fw fa-ssbs-twitter\"><\/i><div class=\"counter-wrap standard\"><span class=\"counter\">0<\/span><\/div><\/a><a data-networks=\"[]\" class=\"social-sharing-button sharer-flat sharer-flat-3 counter-standard without-counter reddit\" target=\"_blank\" title=\"Reddit\" href=\"http:\/\/reddit.com\/submit?url=https%3A%2F%2Ffuriaguild.com%2Findex.php%2Fthrone-and-liberty%2F&title=THRONE+AND+LIBERTY\" data-main-href=\"http:\/\/reddit.com\/submit?url={url}&title={title}\" data-nid=\"6\" data-name=\"\" data-pid=\"2\" data-post-id=\"1740\" data-url=\"https:\/\/furiaguild.com\/wp-admin\/admin-ajax.php\" data-description=\"THRONE AND LIBERTY\" rel=\"nofollow\" data-mailto=\"\"><i class=\"fa-ssbs fa-ssbs-fw fa-ssbs-reddit\"><\/i><div class=\"counter-wrap standard\"><span class=\"counter\">0<\/span><\/div><\/a><a data-networks=\"[]\" class=\"social-sharing-button sharer-flat sharer-flat-3 counter-standard without-counter linkedin\" target=\"_blank\" title=\"Linkedin\" href=\"https:\/\/www.linkedin.com\/shareArticle?mini=true&title=THRONE+AND+LIBERTY&url=https%3A%2F%2Ffuriaguild.com%2Findex.php%2Fthrone-and-liberty%2F\" data-main-href=\"https:\/\/www.linkedin.com\/shareArticle?mini=true&title={title}&url={url}\" data-nid=\"13\" data-name=\"\" data-pid=\"2\" data-post-id=\"1740\" data-url=\"https:\/\/furiaguild.com\/wp-admin\/admin-ajax.php\" data-description=\"THRONE AND LIBERTY\" rel=\"nofollow\" data-mailto=\"\"><i class=\"fa-ssbs fa-ssbs-fw fa-ssbs-linkedin\"><\/i><div class=\"counter-wrap standard\"><span class=\"counter\">0<\/span><\/div><\/a><a data-networks=\"[]\" class=\"social-sharing-button sharer-flat sharer-flat-3 counter-standard without-counter mail\" target=\"_blank\" title=\"Mail\" href=\"#\" data-main-href=\"#\" data-nid=\"16\" data-name=\"\" data-pid=\"2\" data-post-id=\"1740\" data-url=\"https:\/\/furiaguild.com\/wp-admin\/admin-ajax.php\" data-description=\"THRONE AND LIBERTY\" rel=\"nofollow\" data-mailto=\"\"><i class=\"fa-ssbs fa-ssbs-fw fa-ssbs-envelope-o\"><\/i><div class=\"counter-wrap standard\"><span class=\"counter\">0<\/span><\/div><\/a><a data-networks=\"[]\" class=\"social-sharing-button sharer-flat sharer-flat-3 counter-standard without-counter whatsapp\" target=\"_blank\" title=\"WhatsApp\" href=\"https:\/\/web.whatsapp.com\/send?text=https%3A%2F%2Ffuriaguild.com%2Findex.php%2Fthrone-and-liberty%2F\" data-main-href=\"https:\/\/web.whatsapp.com\/send?text={url}\" data-nid=\"18\" data-name=\"\" data-pid=\"2\" data-post-id=\"1740\" data-url=\"https:\/\/furiaguild.com\/wp-admin\/admin-ajax.php\" data-description=\"THRONE AND LIBERTY\" rel=\"nofollow\" data-mailto=\"\"><i class=\"fa-ssbs fa-ssbs-fw fa-ssbs-whatsapp\"><\/i><div class=\"counter-wrap standard\"><span class=\"counter\">0<\/span><\/div><\/a><\/div>","protected":false},"excerpt":{"rendered":"<p>\u00bfQUE ES THRONE AND LIBERTY? El desarrollo de Throne And Liberty Throne and Liberty es un nuevo MMORPG desarrollado por NCSOFT catalogado como videojuego de pr\u00f3xima generaci\u00f3n debido a sus sistemas innovadores que ver\u00e1 la luz en el primer semestre de 2023 para PC y consolas. Inicialmente fue desarrollado como una nueva entrega de la [&hellip;]<\/p>\n<div data-animation=\"no-animation\" data-icons-animation=\"tada\" data-overlay=\"\" data-change-size=\"\" data-button-size=\"1\" style=\"font-size:1em!important;display:none;\" class=\"supsystic-social-sharing supsystic-social-sharing-package-flat supsystic-social-sharing-spacing supsystic-social-sharing-content supsystic-social-sharing-content-align-center\" data-text=\"\"><a data-networks=\"[]\" class=\"social-sharing-button sharer-flat sharer-flat-3 counter-standard without-counter facebook\" target=\"_blank\" title=\"Facebook\" href=\"http:\/\/www.facebook.com\/sharer.php?u=https%3A%2F%2Ffuriaguild.com%2Findex.php%2Fthrone-and-liberty%2F\" data-main-href=\"http:\/\/www.facebook.com\/sharer.php?u={url}\" data-nid=\"1\" data-name=\"\" data-pid=\"2\" data-post-id=\"1740\" data-url=\"https:\/\/furiaguild.com\/wp-admin\/admin-ajax.php\" data-description=\"THRONE AND LIBERTY\" rel=\"nofollow\" data-mailto=\"\"><i class=\"fa-ssbs fa-ssbs-fw fa-ssbs-facebook\"><\/i><div class=\"counter-wrap standard\"><span class=\"counter\">0<\/span><\/div><\/a><a data-networks=\"[]\" class=\"social-sharing-button sharer-flat sharer-flat-3 counter-standard without-counter twitter\" target=\"_blank\" title=\"Twitter\" href=\"https:\/\/twitter.com\/share?url=https%3A%2F%2Ffuriaguild.com%2Findex.php%2Fthrone-and-liberty%2F&text=THRONE+AND+LIBERTY\" data-main-href=\"https:\/\/twitter.com\/share?url={url}&text={title}\" data-nid=\"2\" data-name=\"\" data-pid=\"2\" data-post-id=\"1740\" data-url=\"https:\/\/furiaguild.com\/wp-admin\/admin-ajax.php\" data-description=\"THRONE AND LIBERTY\" rel=\"nofollow\" data-mailto=\"\"><i class=\"fa-ssbs fa-ssbs-fw fa-ssbs-twitter\"><\/i><div class=\"counter-wrap standard\"><span class=\"counter\">0<\/span><\/div><\/a><a data-networks=\"[]\" class=\"social-sharing-button sharer-flat sharer-flat-3 counter-standard without-counter reddit\" target=\"_blank\" title=\"Reddit\" href=\"http:\/\/reddit.com\/submit?url=https%3A%2F%2Ffuriaguild.com%2Findex.php%2Fthrone-and-liberty%2F&title=THRONE+AND+LIBERTY\" data-main-href=\"http:\/\/reddit.com\/submit?url={url}&title={title}\" data-nid=\"6\" data-name=\"\" data-pid=\"2\" data-post-id=\"1740\" data-url=\"https:\/\/furiaguild.com\/wp-admin\/admin-ajax.php\" data-description=\"THRONE AND LIBERTY\" rel=\"nofollow\" data-mailto=\"\"><i class=\"fa-ssbs fa-ssbs-fw fa-ssbs-reddit\"><\/i><div class=\"counter-wrap standard\"><span class=\"counter\">0<\/span><\/div><\/a><a data-networks=\"[]\" class=\"social-sharing-button sharer-flat sharer-flat-3 counter-standard without-counter linkedin\" target=\"_blank\" title=\"Linkedin\" href=\"https:\/\/www.linkedin.com\/shareArticle?mini=true&title=THRONE+AND+LIBERTY&url=https%3A%2F%2Ffuriaguild.com%2Findex.php%2Fthrone-and-liberty%2F\" data-main-href=\"https:\/\/www.linkedin.com\/shareArticle?mini=true&title={title}&url={url}\" data-nid=\"13\" data-name=\"\" data-pid=\"2\" data-post-id=\"1740\" data-url=\"https:\/\/furiaguild.com\/wp-admin\/admin-ajax.php\" data-description=\"THRONE AND LIBERTY\" rel=\"nofollow\" data-mailto=\"\"><i class=\"fa-ssbs fa-ssbs-fw fa-ssbs-linkedin\"><\/i><div class=\"counter-wrap standard\"><span class=\"counter\">0<\/span><\/div><\/a><a data-networks=\"[]\" class=\"social-sharing-button sharer-flat sharer-flat-3 counter-standard without-counter mail\" target=\"_blank\" title=\"Mail\" href=\"#\" data-main-href=\"#\" data-nid=\"16\" data-name=\"\" data-pid=\"2\" data-post-id=\"1740\" data-url=\"https:\/\/furiaguild.com\/wp-admin\/admin-ajax.php\" data-description=\"THRONE AND LIBERTY\" rel=\"nofollow\" data-mailto=\"\"><i class=\"fa-ssbs fa-ssbs-fw fa-ssbs-envelope-o\"><\/i><div class=\"counter-wrap standard\"><span class=\"counter\">0<\/span><\/div><\/a><a data-networks=\"[]\" class=\"social-sharing-button sharer-flat sharer-flat-3 counter-standard without-counter whatsapp\" target=\"_blank\" title=\"WhatsApp\" href=\"https:\/\/web.whatsapp.com\/send?text=https%3A%2F%2Ffuriaguild.com%2Findex.php%2Fthrone-and-liberty%2F\" data-main-href=\"https:\/\/web.whatsapp.com\/send?text={url}\" data-nid=\"18\" data-name=\"\" data-pid=\"2\" data-post-id=\"1740\" data-url=\"https:\/\/furiaguild.com\/wp-admin\/admin-ajax.php\" data-description=\"THRONE AND LIBERTY\" rel=\"nofollow\" data-mailto=\"\"><i class=\"fa-ssbs fa-ssbs-fw fa-ssbs-whatsapp\"><\/i><div class=\"counter-wrap standard\"><span class=\"counter\">0<\/span><\/div><\/a><\/div>","protected":false},"author":177,"featured_media":1747,"parent":0,"menu_order":0,"comment_status":"closed","ping_status":"closed","template":"","meta":{"pgc_meta":"","_monsterinsights_skip_tracking":false,"_monsterinsights_sitenote_active":false,"_monsterinsights_sitenote_note":"","_monsterinsights_sitenote_category":0,"_uf_show_specific_survey":0,"_uf_disable_surveys":false,"footnotes":""},"class_list":["post-1740","page","type-page","status-publish","has-post-thumbnail","hentry"],"pgc_meta":"","_links":{"self":[{"href":"https:\/\/furiaguild.com\/index.php\/wp-json\/wp\/v2\/pages\/1740"}],"collection":[{"href":"https:\/\/furiaguild.com\/index.php\/wp-json\/wp\/v2\/pages"}],"about":[{"href":"https:\/\/furiaguild.com\/index.php\/wp-json\/wp\/v2\/types\/page"}],"author":[{"embeddable":true,"href":"https:\/\/furiaguild.com\/index.php\/wp-json\/wp\/v2\/users\/177"}],"replies":[{"embeddable":true,"href":"https:\/\/furiaguild.com\/index.php\/wp-json\/wp\/v2\/comments?post=1740"}],"version-history":[{"count":3,"href":"https:\/\/furiaguild.com\/index.php\/wp-json\/wp\/v2\/pages\/1740\/revisions"}],"predecessor-version":[{"id":1751,"href":"https:\/\/furiaguild.com\/index.php\/wp-json\/wp\/v2\/pages\/1740\/revisions\/1751"}],"wp:featuredmedia":[{"embeddable":true,"href":"https:\/\/furiaguild.com\/index.php\/wp-json\/wp\/v2\/media\/1747"}],"wp:attachment":[{"href":"https:\/\/furiaguild.com\/index.php\/wp-json\/wp\/v2\/media?parent=1740"}],"curies":[{"name":"wp","href":"https:\/\/api.w.org\/{rel}","templated":true}]}}