{"id":18,"date":"2019-05-21T16:09:03","date_gmt":"2019-05-21T16:09:03","guid":{"rendered":"http:\/\/furiaguild.com\/?page_id=18"},"modified":"2024-09-07T14:27:57","modified_gmt":"2024-09-07T13:27:57","slug":"nuestra-historia","status":"publish","type":"page","link":"https:\/\/furiaguild.com\/index.php\/nuestra-historia\/","title":{"rendered":"Nuestra historia"},"content":{"rendered":"\n<div style=\"height:20px\" aria-hidden=\"true\" class=\"wp-block-spacer\"><\/div>\n\n\n\n<figure class=\"wp-block-embed is-type-video is-provider-youtube wp-block-embed-youtube wp-embed-aspect-16-9 wp-has-aspect-ratio\"><div class=\"wp-block-embed__wrapper\">\n<iframe loading=\"lazy\" title=\"FURIA , esta es nuestra historia.....\" width=\"500\" height=\"281\" src=\"https:\/\/www.youtube.com\/embed\/dlUAF86LiNo?feature=oembed\" frameborder=\"0\" allow=\"accelerometer; autoplay; clipboard-write; encrypted-media; gyroscope; picture-in-picture; web-share\" referrerpolicy=\"strict-origin-when-cross-origin\" allowfullscreen><\/iframe>\n<\/div><\/figure>\n\n\n\n<div style=\"height:20px\" aria-hidden=\"true\" class=\"wp-block-spacer\"><\/div>\n\n\n<p>All\u00e1 por el a\u00f1o 2011, los l\u00edderes de los clanes espa\u00f1oles que jugaban a DARKFALL ONLINE decidieron unificar a sus respectivos grupos y fundar un proyecto maduro y de futuro, as\u00ed es como naci\u00f3 FURIA. Una comunidad madura de jugadores que ha mantenido sus valores desde su creaci\u00f3n. Cuestiones como el respeto, la seriedad y la cordialidad son innegociables para con todos nuestros miembros.<\/p>\n\n\n<p>As\u00ed Furia prosper\u00f3 como comunidad, agregando a sus filas a cientos de jugadores de todo el mundo que buscaban una comunidad adulta, evitando toxicidades y comportamientos t\u00edpicos de ni\u00f1o rata. <\/p>\n\n\n\n<div style=\"height:21px\" aria-hidden=\"true\" class=\"wp-block-spacer\"><\/div>\n\n\n\n<figure class=\"wp-block-embed is-type-wp-embed is-provider-furia-gaming-community wp-block-embed-furia-gaming-community\"><div class=\"wp-block-embed__wrapper\">\n<blockquote class=\"wp-embedded-content\" data-secret=\"lP4M0AEcYR\"><a href=\"https:\/\/furiaguild.com\/index.php\/timeline-de-furia\/\">TIMELINE FURIOSO<\/a><\/blockquote><iframe loading=\"lazy\" class=\"wp-embedded-content\" sandbox=\"allow-scripts\" security=\"restricted\" style=\"position: absolute; visibility: hidden;\" title=\"\u00abTIMELINE FURIOSO\u00bb \u2014 Furia Gaming Community\" src=\"https:\/\/furiaguild.com\/index.php\/timeline-de-furia\/embed\/#?secret=jXllSmfUQ8#?secret=lP4M0AEcYR\" data-secret=\"lP4M0AEcYR\" width=\"500\" height=\"282\" frameborder=\"0\" marginwidth=\"0\" marginheight=\"0\" scrolling=\"no\"><\/iframe>\n<\/div><\/figure>\n\n\n\n<p>Mirimko<\/p>\n<div data-animation=\"no-animation\" data-icons-animation=\"tada\" data-overlay=\"\" data-change-size=\"\" data-button-size=\"1\" style=\"font-size:1em!important;display:none;\" class=\"supsystic-social-sharing supsystic-social-sharing-package-flat supsystic-social-sharing-spacing supsystic-social-sharing-content supsystic-social-sharing-content-align-center\" data-text=\"\"><a data-networks=\"[]\" class=\"social-sharing-button sharer-flat sharer-flat-3 counter-standard without-counter facebook\" target=\"_blank\" title=\"Facebook\" href=\"http:\/\/www.facebook.com\/sharer.php?u=https%3A%2F%2Ffuriaguild.com%2Findex.php%2Fnuestra-historia%2F\" data-main-href=\"http:\/\/www.facebook.com\/sharer.php?u={url}\" data-nid=\"1\" data-name=\"\" data-pid=\"2\" data-post-id=\"18\" data-url=\"https:\/\/furiaguild.com\/wp-admin\/admin-ajax.php\" data-description=\"Nuestra historia\" rel=\"nofollow\" data-mailto=\"\"><i class=\"fa-ssbs fa-ssbs-fw fa-ssbs-facebook\"><\/i><div class=\"counter-wrap standard\"><span class=\"counter\">0<\/span><\/div><\/a><a data-networks=\"[]\" class=\"social-sharing-button sharer-flat sharer-flat-3 counter-standard without-counter twitter\" target=\"_blank\" title=\"Twitter\" href=\"https:\/\/twitter.com\/share?url=https%3A%2F%2Ffuriaguild.com%2Findex.php%2Fnuestra-historia%2F&text=Nuestra+historia\" data-main-href=\"https:\/\/twitter.com\/share?url={url}&text={title}\" data-nid=\"2\" data-name=\"\" data-pid=\"2\" data-post-id=\"18\" data-url=\"https:\/\/furiaguild.com\/wp-admin\/admin-ajax.php\" data-description=\"Nuestra historia\" rel=\"nofollow\" data-mailto=\"\"><i class=\"fa-ssbs fa-ssbs-fw fa-ssbs-twitter\"><\/i><div class=\"counter-wrap standard\"><span class=\"counter\">0<\/span><\/div><\/a><a data-networks=\"[]\" class=\"social-sharing-button sharer-flat sharer-flat-3 counter-standard without-counter reddit\" target=\"_blank\" title=\"Reddit\" href=\"http:\/\/reddit.com\/submit?url=https%3A%2F%2Ffuriaguild.com%2Findex.php%2Fnuestra-historia%2F&title=Nuestra+historia\" data-main-href=\"http:\/\/reddit.com\/submit?url={url}&title={title}\" data-nid=\"6\" data-name=\"\" data-pid=\"2\" data-post-id=\"18\" data-url=\"https:\/\/furiaguild.com\/wp-admin\/admin-ajax.php\" data-description=\"Nuestra historia\" rel=\"nofollow\" data-mailto=\"\"><i class=\"fa-ssbs fa-ssbs-fw fa-ssbs-reddit\"><\/i><div class=\"counter-wrap standard\"><span class=\"counter\">0<\/span><\/div><\/a><a data-networks=\"[]\" class=\"social-sharing-button sharer-flat sharer-flat-3 counter-standard without-counter linkedin\" target=\"_blank\" title=\"Linkedin\" href=\"https:\/\/www.linkedin.com\/shareArticle?mini=true&title=Nuestra+historia&url=https%3A%2F%2Ffuriaguild.com%2Findex.php%2Fnuestra-historia%2F\" data-main-href=\"https:\/\/www.linkedin.com\/shareArticle?mini=true&title={title}&url={url}\" data-nid=\"13\" data-name=\"\" data-pid=\"2\" data-post-id=\"18\" data-url=\"https:\/\/furiaguild.com\/wp-admin\/admin-ajax.php\" data-description=\"Nuestra historia\" rel=\"nofollow\" data-mailto=\"\"><i class=\"fa-ssbs fa-ssbs-fw fa-ssbs-linkedin\"><\/i><div class=\"counter-wrap standard\"><span class=\"counter\">0<\/span><\/div><\/a><a data-networks=\"[]\" class=\"social-sharing-button sharer-flat sharer-flat-3 counter-standard without-counter mail\" target=\"_blank\" title=\"Mail\" href=\"#\" data-main-href=\"#\" data-nid=\"16\" data-name=\"\" data-pid=\"2\" data-post-id=\"18\" data-url=\"https:\/\/furiaguild.com\/wp-admin\/admin-ajax.php\" data-description=\"Nuestra historia\" rel=\"nofollow\" data-mailto=\"\"><i class=\"fa-ssbs fa-ssbs-fw fa-ssbs-envelope-o\"><\/i><div class=\"counter-wrap standard\"><span class=\"counter\">0<\/span><\/div><\/a><a data-networks=\"[]\" class=\"social-sharing-button sharer-flat sharer-flat-3 counter-standard without-counter whatsapp\" target=\"_blank\" title=\"WhatsApp\" href=\"https:\/\/web.whatsapp.com\/send?text=https%3A%2F%2Ffuriaguild.com%2Findex.php%2Fnuestra-historia%2F\" data-main-href=\"https:\/\/web.whatsapp.com\/send?text={url}\" data-nid=\"18\" data-name=\"\" data-pid=\"2\" data-post-id=\"18\" data-url=\"https:\/\/furiaguild.com\/wp-admin\/admin-ajax.php\" data-description=\"Nuestra historia\" rel=\"nofollow\" data-mailto=\"\"><i class=\"fa-ssbs fa-ssbs-fw fa-ssbs-whatsapp\"><\/i><div class=\"counter-wrap standard\"><span class=\"counter\">0<\/span><\/div><\/a><\/div>","protected":false},"excerpt":{"rendered":"<p>All\u00e1 por el a\u00f1o 2011, los l\u00edderes de los clanes espa\u00f1oles que jugaban a DARKFALL ONLINE decidieron unificar a sus respectivos grupos y fundar un proyecto maduro y de futuro, as\u00ed es como naci\u00f3 FURIA. Una comunidad madura de jugadores que ha mantenido sus valores desde su creaci\u00f3n. Cuestiones como el respeto, la seriedad y [&hellip;]<\/p>\n<div data-animation=\"no-animation\" data-icons-animation=\"tada\" data-overlay=\"\" data-change-size=\"\" data-button-size=\"1\" style=\"font-size:1em!important;display:none;\" class=\"supsystic-social-sharing supsystic-social-sharing-package-flat supsystic-social-sharing-spacing supsystic-social-sharing-content supsystic-social-sharing-content-align-center\" data-text=\"\"><a data-networks=\"[]\" class=\"social-sharing-button sharer-flat sharer-flat-3 counter-standard without-counter facebook\" target=\"_blank\" title=\"Facebook\" href=\"http:\/\/www.facebook.com\/sharer.php?u=https%3A%2F%2Ffuriaguild.com%2Findex.php%2Fnuestra-historia%2F\" data-main-href=\"http:\/\/www.facebook.com\/sharer.php?u={url}\" data-nid=\"1\" data-name=\"\" data-pid=\"2\" data-post-id=\"18\" data-url=\"https:\/\/furiaguild.com\/wp-admin\/admin-ajax.php\" data-description=\"Nuestra historia\" rel=\"nofollow\" data-mailto=\"\"><i class=\"fa-ssbs fa-ssbs-fw fa-ssbs-facebook\"><\/i><div class=\"counter-wrap standard\"><span class=\"counter\">0<\/span><\/div><\/a><a data-networks=\"[]\" class=\"social-sharing-button sharer-flat sharer-flat-3 counter-standard without-counter twitter\" target=\"_blank\" title=\"Twitter\" href=\"https:\/\/twitter.com\/share?url=https%3A%2F%2Ffuriaguild.com%2Findex.php%2Fnuestra-historia%2F&text=Nuestra+historia\" data-main-href=\"https:\/\/twitter.com\/share?url={url}&text={title}\" data-nid=\"2\" data-name=\"\" data-pid=\"2\" data-post-id=\"18\" data-url=\"https:\/\/furiaguild.com\/wp-admin\/admin-ajax.php\" data-description=\"Nuestra historia\" rel=\"nofollow\" data-mailto=\"\"><i class=\"fa-ssbs fa-ssbs-fw fa-ssbs-twitter\"><\/i><div class=\"counter-wrap standard\"><span class=\"counter\">0<\/span><\/div><\/a><a data-networks=\"[]\" class=\"social-sharing-button sharer-flat sharer-flat-3 counter-standard without-counter reddit\" target=\"_blank\" title=\"Reddit\" href=\"http:\/\/reddit.com\/submit?url=https%3A%2F%2Ffuriaguild.com%2Findex.php%2Fnuestra-historia%2F&title=Nuestra+historia\" data-main-href=\"http:\/\/reddit.com\/submit?url={url}&title={title}\" data-nid=\"6\" data-name=\"\" data-pid=\"2\" data-post-id=\"18\" data-url=\"https:\/\/furiaguild.com\/wp-admin\/admin-ajax.php\" data-description=\"Nuestra historia\" rel=\"nofollow\" data-mailto=\"\"><i class=\"fa-ssbs fa-ssbs-fw fa-ssbs-reddit\"><\/i><div class=\"counter-wrap standard\"><span class=\"counter\">0<\/span><\/div><\/a><a data-networks=\"[]\" class=\"social-sharing-button sharer-flat sharer-flat-3 counter-standard without-counter linkedin\" target=\"_blank\" title=\"Linkedin\" href=\"https:\/\/www.linkedin.com\/shareArticle?mini=true&title=Nuestra+historia&url=https%3A%2F%2Ffuriaguild.com%2Findex.php%2Fnuestra-historia%2F\" data-main-href=\"https:\/\/www.linkedin.com\/shareArticle?mini=true&title={title}&url={url}\" data-nid=\"13\" data-name=\"\" data-pid=\"2\" data-post-id=\"18\" data-url=\"https:\/\/furiaguild.com\/wp-admin\/admin-ajax.php\" data-description=\"Nuestra historia\" rel=\"nofollow\" data-mailto=\"\"><i class=\"fa-ssbs fa-ssbs-fw fa-ssbs-linkedin\"><\/i><div class=\"counter-wrap standard\"><span class=\"counter\">0<\/span><\/div><\/a><a data-networks=\"[]\" class=\"social-sharing-button sharer-flat sharer-flat-3 counter-standard without-counter mail\" target=\"_blank\" title=\"Mail\" href=\"#\" data-main-href=\"#\" data-nid=\"16\" data-name=\"\" data-pid=\"2\" data-post-id=\"18\" data-url=\"https:\/\/furiaguild.com\/wp-admin\/admin-ajax.php\" data-description=\"Nuestra historia\" rel=\"nofollow\" data-mailto=\"\"><i class=\"fa-ssbs fa-ssbs-fw fa-ssbs-envelope-o\"><\/i><div class=\"counter-wrap standard\"><span class=\"counter\">0<\/span><\/div><\/a><a data-networks=\"[]\" class=\"social-sharing-button sharer-flat sharer-flat-3 counter-standard without-counter whatsapp\" target=\"_blank\" title=\"WhatsApp\" href=\"https:\/\/web.whatsapp.com\/send?text=https%3A%2F%2Ffuriaguild.com%2Findex.php%2Fnuestra-historia%2F\" data-main-href=\"https:\/\/web.whatsapp.com\/send?text={url}\" data-nid=\"18\" data-name=\"\" data-pid=\"2\" data-post-id=\"18\" data-url=\"https:\/\/furiaguild.com\/wp-admin\/admin-ajax.php\" data-description=\"Nuestra historia\" rel=\"nofollow\" data-mailto=\"\"><i class=\"fa-ssbs fa-ssbs-fw fa-ssbs-whatsapp\"><\/i><div class=\"counter-wrap standard\"><span class=\"counter\">0<\/span><\/div><\/a><\/div>","protected":false},"author":1,"featured_media":78,"parent":0,"menu_order":0,"comment_status":"closed","ping_status":"closed","template":"","meta":{"pgc_meta":"","_monsterinsights_skip_tracking":false,"_monsterinsights_sitenote_active":false,"_monsterinsights_sitenote_note":"","_monsterinsights_sitenote_category":0,"_uf_show_specific_survey":0,"_uf_disable_surveys":false,"footnotes":""},"class_list":["post-18","page","type-page","status-publish","has-post-thumbnail","hentry"],"pgc_meta":"","_links":{"self":[{"href":"https:\/\/furiaguild.com\/index.php\/wp-json\/wp\/v2\/pages\/18"}],"collection":[{"href":"https:\/\/furiaguild.com\/index.php\/wp-json\/wp\/v2\/pages"}],"about":[{"href":"https:\/\/furiaguild.com\/index.php\/wp-json\/wp\/v2\/types\/page"}],"author":[{"embeddable":true,"href":"https:\/\/furiaguild.com\/index.php\/wp-json\/wp\/v2\/users\/1"}],"replies":[{"embeddable":true,"href":"https:\/\/furiaguild.com\/index.php\/wp-json\/wp\/v2\/comments?post=18"}],"version-history":[{"count":14,"href":"https:\/\/furiaguild.com\/index.php\/wp-json\/wp\/v2\/pages\/18\/revisions"}],"predecessor-version":[{"id":2015,"href":"https:\/\/furiaguild.com\/index.php\/wp-json\/wp\/v2\/pages\/18\/revisions\/2015"}],"wp:featuredmedia":[{"embeddable":true,"href":"https:\/\/furiaguild.com\/index.php\/wp-json\/wp\/v2\/media\/78"}],"wp:attachment":[{"href":"https:\/\/furiaguild.com\/index.php\/wp-json\/wp\/v2\/media?parent=18"}],"curies":[{"name":"wp","href":"https:\/\/api.w.org\/{rel}","templated":true}]}}