{"id":1895,"date":"2024-09-01T07:42:57","date_gmt":"2024-09-01T06:42:57","guid":{"rendered":"https:\/\/furiaguild.com\/?page_id=1895"},"modified":"2024-09-01T08:31:21","modified_gmt":"2024-09-01T07:31:21","slug":"estatutos","status":"publish","type":"page","link":"https:\/\/furiaguild.com\/index.php\/estatutos\/","title":{"rendered":"ESTATUTOS"},"content":{"rendered":"\n<div style=\"height:20px\" aria-hidden=\"true\" class=\"wp-block-spacer\"><\/div>\n\n\n<header class=\"entry-header post-header-2\">\n<div class=\"entry-byline\">Conjunto de normas b\u00e1sicas de convivencia de Furia Gaming Community.\u00a0 A estos estatutos hay que a\u00f1adir las pautas de comportamiento que tenemos en nuestro discord en el canal <a href=\"https:\/\/discord.gg\/qCCqeZ6\">#REGLAS<\/a> , as\u00ed como las normas especiales que existan en cada divisi\u00f3n si las hubiere.<\/div>\n<\/header>\n<div class=\"entry-content\">\n<div class=\"instructions\">\n<h3>\u00a0<\/h3>\n<ul>\n<li>La siguiente p\u00e1gina est\u00e1 creada para establecer unas pautas de convivencia y armon\u00eda dentro de la comunidad en cualquiera de los juegos en los que est\u00e9 presente.<\/li>\n<li>Forma, junto\u00a0a la\u00a0Estructura, una de las bases sobre la cual se apoya la comunidad.<\/li>\n<li>Es\u00a0de obligado cumplimiento y el desconocimiento de la misma no justifica su incumplimiento, pues entendemos el saber de dicho documento como el deber de todo miembro de la comunidad.<\/li>\n<li>Dicho c\u00f3digo puede sufrir variaciones a lo largo del tiempo, de ser as\u00ed los miembros de la comunidad ser\u00e1n informados de ello y tendr\u00e1n el deber de mantenerse al d\u00eda de las novedades que se presenten.<\/li>\n<\/ul>\n<\/div>\n<h3>Objetivos<\/h3>\n<ul>\n<li>Establecer una comunidad enfocada a juegos de todo tipo con especial menci\u00f3n\u00a0al PVP y los MMO\u2019s.<\/li>\n<li>Establecer una comunidad que promueva el trabajo en equipo y nuestros valores por encima de todo.<\/li>\n<li>Establecer una n\u00facleo maduro y permanente de jugadores, para facilitar la creaci\u00f3n de nuevas divisiones.<\/li>\n<li>Mantener un nivel de organizaci\u00f3n muy alto mejorando las herramientas para los furiosos.<\/li>\n<\/ul>\n<h3>C\u00f3digo de Conducta<\/h3>\n<ol>\n<li>\u00a0<strong>Comportamiento interno:<\/strong> est\u00e1 completamente prohibido causar o fomentar discusiones que puedan desconcertar o minar la moral del resto de miembros de Furia en cualquier medio de la comunidad. As\u00ed mismo esta prohibido poner en entredicho <em><strong>p\u00fablicamente<\/strong><\/em> una decisi\u00f3n de un miembro administrativo de Furia, ya sea del STAFF o de una de sus divisiones, todo se puede hablar y razonar por privado. Se espera de todos nuestros miembros cierto nivel de madurez y comprensi\u00f3n de cualquier situaci\u00f3n que se de dentro de la comunidad.\n<ul>\n<li>Respeto: est\u00e1 completamente prohibido faltar al respeto, insultar o cualquier interacci\u00f3n que pueda entenderse como tal frente a otros miembros de la comunidad.<\/li>\n<li>Combat looting: est\u00e1 completamente prohibido el combat looting en cualquier caso, siempre que el juego lo permita.<\/li>\n<li>Exploits, cheats, hacks o cualquier acci\u00f3n que vaya en contra el TOS del juego en cuesti\u00f3n: est\u00e1 completamente prohibido hacer uso de exploits, cheats o hacks en cualquier caso.<\/li>\n<\/ul>\n<\/li>\n<li><strong>Comportamiento externo:<\/strong> consideramos que cada miembro es un embajador de la comunidad, por lo que se espera un comportamiento ejemplar frente a otras comunidades, personas o medios ajenos a Furia.<\/li>\n<li><strong>Membres\u00eda en otras comunidades:<\/strong> est\u00e1 permitido pertenecer a cualquier otra agrupaci\u00f3n ajena a la comunidad, aunque preferimos que juegues con nosotros. Obviamente si se da este caso, el STAFF se reserva el derecho para restar roles\/permisos a dicho furioso que tengan que ver con el juego en cuesti\u00f3n.<\/li>\n<li><strong>Disputas:<\/strong> se requiere que todos los miembros resuelvan cualquier disputa o problema\u00a0en privado y de forma madura de acuerdo a las pautas de comportamiento interno de la comunidad, nunca haciendo uso de los medios p\u00fablicos de Furia. Cualquier discusi\u00f3n sin resoluci\u00f3n podr\u00e1 ser arbitrada por un miembro administrativo del STAFF o de una divisi\u00f3n si la disputa es dentro de \u00e9sta.<\/li>\n<li><strong>Incumpliendo el c\u00f3digo:<\/strong> el incumplimiento de cualquiera de los puntos recogidos en este documento puede incurrir en\u00a0avisos o sanciones que pueden dar pie a la expulsi\u00f3n definitiva de la comunidad dependiendo de la gravedad. El STAFF se reserva el derecho de decidir que peso tiene cada falta producida por un miembro de la comunidad.<\/li>\n<li><strong>Periodo de inactividad:<\/strong>\u00a0esperamos que cualquier miembro de la comunidad que est\u00e9 inactivo notifique de su ausencia siempre que sea posible. En el caso de pertenecer a una divisi\u00f3n se tomaran medidas m\u00e1s concretas para inactividades prolongadas para miembros que no comuniquen su ausencia.\n<ul>\n<li>Amigos y Reclutas: se enviar\u00e1 un recordatorio a los 7 d\u00edas de inactividad en caso de que dicha ausencia no haya sido previamente comunicada, se eliminar\u00e1 al miembro de la divisi\u00f3n a los 7 d\u00edas posteriores en caso de no recibir respuesta.<\/li>\n<li>Furiosos\/Veteranos: se enviar\u00e1 un recordatorio a los 7 d\u00edas de inactividad en caso de que dicha ausencia no haya sido previamente comunicada, se marcar\u00e1 al miembro como inactivo dentro de la divisi\u00f3n a los 7 d\u00edas posteriores en caso de no recibir respuesta.<\/li>\n<\/ul>\n<\/li>\n<li><strong>Abandonos y expulsiones:<\/strong> cualquier miembro que abandona o se le expulsa de una divisi\u00f3n por cualquier motivo, se espera que lo haga de la forma m\u00e1s civilizada acorde a los est\u00e1ndares de la comunidad. Los l\u00edderes de divisi\u00f3n\u00a0 pueden expulsar a jugadores de dicho juego por romper las reglas dependiendo de la gravedad de la infracci\u00f3n, pero no de la comunidad.<br \/>Cualquier miembro que sea expulsado de una divisi\u00f3n por romper las reglas puede tambi\u00e9n ser expulsado de forma definitiva de la comunidad bajo decisi\u00f3n del STAFF. Todas las expulsiones son permanentes en cualquier caso.<\/li>\n<li><strong>Revisiones:<\/strong> los puntos recogidos en este documento est\u00e1n sujetos a cambios y revisiones llevadas a cabo por el STAFF de la comunidad. El STAFF se reserva el derecho de modificar, agregar o quitar puntos de este documento, as\u00ed como de su total modificaci\u00f3n. Todos los cambios que se produzcan en este documento ser\u00e1n debidamente comunicados en su totalidad a la comunidad.<\/li>\n<\/ol>\n<\/div><div data-animation=\"no-animation\" data-icons-animation=\"tada\" data-overlay=\"\" data-change-size=\"\" data-button-size=\"1\" style=\"font-size:1em!important;display:none;\" class=\"supsystic-social-sharing supsystic-social-sharing-package-flat supsystic-social-sharing-spacing supsystic-social-sharing-content supsystic-social-sharing-content-align-center\" data-text=\"\"><a data-networks=\"[]\" class=\"social-sharing-button sharer-flat sharer-flat-3 counter-standard without-counter facebook\" target=\"_blank\" title=\"Facebook\" href=\"http:\/\/www.facebook.com\/sharer.php?u=https%3A%2F%2Ffuriaguild.com%2Findex.php%2Festatutos%2F\" data-main-href=\"http:\/\/www.facebook.com\/sharer.php?u={url}\" data-nid=\"1\" data-name=\"\" data-pid=\"2\" data-post-id=\"1895\" data-url=\"https:\/\/furiaguild.com\/wp-admin\/admin-ajax.php\" data-description=\"ESTATUTOS\" rel=\"nofollow\" data-mailto=\"\"><i class=\"fa-ssbs fa-ssbs-fw fa-ssbs-facebook\"><\/i><div class=\"counter-wrap standard\"><span class=\"counter\">0<\/span><\/div><\/a><a data-networks=\"[]\" class=\"social-sharing-button sharer-flat sharer-flat-3 counter-standard without-counter twitter\" target=\"_blank\" title=\"Twitter\" href=\"https:\/\/twitter.com\/share?url=https%3A%2F%2Ffuriaguild.com%2Findex.php%2Festatutos%2F&text=ESTATUTOS\" data-main-href=\"https:\/\/twitter.com\/share?url={url}&text={title}\" data-nid=\"2\" data-name=\"\" data-pid=\"2\" data-post-id=\"1895\" data-url=\"https:\/\/furiaguild.com\/wp-admin\/admin-ajax.php\" data-description=\"ESTATUTOS\" rel=\"nofollow\" data-mailto=\"\"><i class=\"fa-ssbs fa-ssbs-fw fa-ssbs-twitter\"><\/i><div class=\"counter-wrap standard\"><span class=\"counter\">0<\/span><\/div><\/a><a data-networks=\"[]\" class=\"social-sharing-button sharer-flat sharer-flat-3 counter-standard without-counter reddit\" target=\"_blank\" title=\"Reddit\" href=\"http:\/\/reddit.com\/submit?url=https%3A%2F%2Ffuriaguild.com%2Findex.php%2Festatutos%2F&title=ESTATUTOS\" data-main-href=\"http:\/\/reddit.com\/submit?url={url}&title={title}\" data-nid=\"6\" data-name=\"\" data-pid=\"2\" data-post-id=\"1895\" data-url=\"https:\/\/furiaguild.com\/wp-admin\/admin-ajax.php\" data-description=\"ESTATUTOS\" rel=\"nofollow\" data-mailto=\"\"><i class=\"fa-ssbs fa-ssbs-fw fa-ssbs-reddit\"><\/i><div class=\"counter-wrap standard\"><span class=\"counter\">0<\/span><\/div><\/a><a data-networks=\"[]\" class=\"social-sharing-button sharer-flat sharer-flat-3 counter-standard without-counter linkedin\" target=\"_blank\" title=\"Linkedin\" href=\"https:\/\/www.linkedin.com\/shareArticle?mini=true&title=ESTATUTOS&url=https%3A%2F%2Ffuriaguild.com%2Findex.php%2Festatutos%2F\" data-main-href=\"https:\/\/www.linkedin.com\/shareArticle?mini=true&title={title}&url={url}\" data-nid=\"13\" data-name=\"\" data-pid=\"2\" data-post-id=\"1895\" data-url=\"https:\/\/furiaguild.com\/wp-admin\/admin-ajax.php\" data-description=\"ESTATUTOS\" rel=\"nofollow\" data-mailto=\"\"><i class=\"fa-ssbs fa-ssbs-fw fa-ssbs-linkedin\"><\/i><div class=\"counter-wrap standard\"><span class=\"counter\">0<\/span><\/div><\/a><a data-networks=\"[]\" class=\"social-sharing-button sharer-flat sharer-flat-3 counter-standard without-counter mail\" target=\"_blank\" title=\"Mail\" href=\"#\" data-main-href=\"#\" data-nid=\"16\" data-name=\"\" data-pid=\"2\" data-post-id=\"1895\" data-url=\"https:\/\/furiaguild.com\/wp-admin\/admin-ajax.php\" data-description=\"ESTATUTOS\" rel=\"nofollow\" data-mailto=\"\"><i class=\"fa-ssbs fa-ssbs-fw fa-ssbs-envelope-o\"><\/i><div class=\"counter-wrap standard\"><span class=\"counter\">0<\/span><\/div><\/a><a data-networks=\"[]\" class=\"social-sharing-button sharer-flat sharer-flat-3 counter-standard without-counter whatsapp\" target=\"_blank\" title=\"WhatsApp\" href=\"https:\/\/web.whatsapp.com\/send?text=https%3A%2F%2Ffuriaguild.com%2Findex.php%2Festatutos%2F\" data-main-href=\"https:\/\/web.whatsapp.com\/send?text={url}\" data-nid=\"18\" data-name=\"\" data-pid=\"2\" data-post-id=\"1895\" data-url=\"https:\/\/furiaguild.com\/wp-admin\/admin-ajax.php\" data-description=\"ESTATUTOS\" rel=\"nofollow\" data-mailto=\"\"><i class=\"fa-ssbs fa-ssbs-fw fa-ssbs-whatsapp\"><\/i><div class=\"counter-wrap standard\"><span class=\"counter\">0<\/span><\/div><\/a><\/div>","protected":false},"excerpt":{"rendered":"<p>Conjunto de normas b\u00e1sicas de convivencia de Furia Gaming Community.\u00a0 A estos estatutos hay que a\u00f1adir las pautas de comportamiento que tenemos en nuestro discord en el canal #REGLAS , as\u00ed como las normas especiales que existan en cada divisi\u00f3n si las hubiere. \u00a0 La siguiente p\u00e1gina est\u00e1 creada para establecer unas pautas de convivencia [&hellip;]<\/p>\n<div data-animation=\"no-animation\" data-icons-animation=\"tada\" data-overlay=\"\" data-change-size=\"\" data-button-size=\"1\" style=\"font-size:1em!important;display:none;\" class=\"supsystic-social-sharing supsystic-social-sharing-package-flat supsystic-social-sharing-spacing supsystic-social-sharing-content supsystic-social-sharing-content-align-center\" data-text=\"\"><a data-networks=\"[]\" class=\"social-sharing-button sharer-flat sharer-flat-3 counter-standard without-counter facebook\" target=\"_blank\" title=\"Facebook\" href=\"http:\/\/www.facebook.com\/sharer.php?u=https%3A%2F%2Ffuriaguild.com%2Findex.php%2Festatutos%2F\" data-main-href=\"http:\/\/www.facebook.com\/sharer.php?u={url}\" data-nid=\"1\" data-name=\"\" data-pid=\"2\" data-post-id=\"1895\" data-url=\"https:\/\/furiaguild.com\/wp-admin\/admin-ajax.php\" data-description=\"ESTATUTOS\" rel=\"nofollow\" data-mailto=\"\"><i class=\"fa-ssbs fa-ssbs-fw fa-ssbs-facebook\"><\/i><div class=\"counter-wrap standard\"><span class=\"counter\">0<\/span><\/div><\/a><a data-networks=\"[]\" class=\"social-sharing-button sharer-flat sharer-flat-3 counter-standard without-counter twitter\" target=\"_blank\" title=\"Twitter\" href=\"https:\/\/twitter.com\/share?url=https%3A%2F%2Ffuriaguild.com%2Findex.php%2Festatutos%2F&text=ESTATUTOS\" data-main-href=\"https:\/\/twitter.com\/share?url={url}&text={title}\" data-nid=\"2\" data-name=\"\" data-pid=\"2\" data-post-id=\"1895\" data-url=\"https:\/\/furiaguild.com\/wp-admin\/admin-ajax.php\" data-description=\"ESTATUTOS\" rel=\"nofollow\" data-mailto=\"\"><i class=\"fa-ssbs fa-ssbs-fw fa-ssbs-twitter\"><\/i><div class=\"counter-wrap standard\"><span class=\"counter\">0<\/span><\/div><\/a><a data-networks=\"[]\" class=\"social-sharing-button sharer-flat sharer-flat-3 counter-standard without-counter reddit\" target=\"_blank\" title=\"Reddit\" href=\"http:\/\/reddit.com\/submit?url=https%3A%2F%2Ffuriaguild.com%2Findex.php%2Festatutos%2F&title=ESTATUTOS\" data-main-href=\"http:\/\/reddit.com\/submit?url={url}&title={title}\" data-nid=\"6\" data-name=\"\" data-pid=\"2\" data-post-id=\"1895\" data-url=\"https:\/\/furiaguild.com\/wp-admin\/admin-ajax.php\" data-description=\"ESTATUTOS\" rel=\"nofollow\" data-mailto=\"\"><i class=\"fa-ssbs fa-ssbs-fw fa-ssbs-reddit\"><\/i><div class=\"counter-wrap standard\"><span class=\"counter\">0<\/span><\/div><\/a><a data-networks=\"[]\" class=\"social-sharing-button sharer-flat sharer-flat-3 counter-standard without-counter linkedin\" target=\"_blank\" title=\"Linkedin\" href=\"https:\/\/www.linkedin.com\/shareArticle?mini=true&title=ESTATUTOS&url=https%3A%2F%2Ffuriaguild.com%2Findex.php%2Festatutos%2F\" data-main-href=\"https:\/\/www.linkedin.com\/shareArticle?mini=true&title={title}&url={url}\" data-nid=\"13\" data-name=\"\" data-pid=\"2\" data-post-id=\"1895\" data-url=\"https:\/\/furiaguild.com\/wp-admin\/admin-ajax.php\" data-description=\"ESTATUTOS\" rel=\"nofollow\" data-mailto=\"\"><i class=\"fa-ssbs fa-ssbs-fw fa-ssbs-linkedin\"><\/i><div class=\"counter-wrap standard\"><span class=\"counter\">0<\/span><\/div><\/a><a data-networks=\"[]\" class=\"social-sharing-button sharer-flat sharer-flat-3 counter-standard without-counter mail\" target=\"_blank\" title=\"Mail\" href=\"#\" data-main-href=\"#\" data-nid=\"16\" data-name=\"\" data-pid=\"2\" data-post-id=\"1895\" data-url=\"https:\/\/furiaguild.com\/wp-admin\/admin-ajax.php\" data-description=\"ESTATUTOS\" rel=\"nofollow\" data-mailto=\"\"><i class=\"fa-ssbs fa-ssbs-fw fa-ssbs-envelope-o\"><\/i><div class=\"counter-wrap standard\"><span class=\"counter\">0<\/span><\/div><\/a><a data-networks=\"[]\" class=\"social-sharing-button sharer-flat sharer-flat-3 counter-standard without-counter whatsapp\" target=\"_blank\" title=\"WhatsApp\" href=\"https:\/\/web.whatsapp.com\/send?text=https%3A%2F%2Ffuriaguild.com%2Findex.php%2Festatutos%2F\" data-main-href=\"https:\/\/web.whatsapp.com\/send?text={url}\" data-nid=\"18\" data-name=\"\" data-pid=\"2\" data-post-id=\"1895\" data-url=\"https:\/\/furiaguild.com\/wp-admin\/admin-ajax.php\" data-description=\"ESTATUTOS\" rel=\"nofollow\" data-mailto=\"\"><i class=\"fa-ssbs fa-ssbs-fw fa-ssbs-whatsapp\"><\/i><div class=\"counter-wrap standard\"><span class=\"counter\">0<\/span><\/div><\/a><\/div>","protected":false},"author":5,"featured_media":0,"parent":0,"menu_order":0,"comment_status":"closed","ping_status":"closed","template":"","meta":{"pgc_meta":"","_monsterinsights_skip_tracking":false,"_monsterinsights_sitenote_active":false,"_monsterinsights_sitenote_note":"","_monsterinsights_sitenote_category":0,"_uf_show_specific_survey":0,"_uf_disable_surveys":false,"footnotes":""},"class_list":["post-1895","page","type-page","status-publish","hentry"],"pgc_meta":"","_links":{"self":[{"href":"https:\/\/furiaguild.com\/index.php\/wp-json\/wp\/v2\/pages\/1895"}],"collection":[{"href":"https:\/\/furiaguild.com\/index.php\/wp-json\/wp\/v2\/pages"}],"about":[{"href":"https:\/\/furiaguild.com\/index.php\/wp-json\/wp\/v2\/types\/page"}],"author":[{"embeddable":true,"href":"https:\/\/furiaguild.com\/index.php\/wp-json\/wp\/v2\/users\/5"}],"replies":[{"embeddable":true,"href":"https:\/\/furiaguild.com\/index.php\/wp-json\/wp\/v2\/comments?post=1895"}],"version-history":[{"count":8,"href":"https:\/\/furiaguild.com\/index.php\/wp-json\/wp\/v2\/pages\/1895\/revisions"}],"predecessor-version":[{"id":1915,"href":"https:\/\/furiaguild.com\/index.php\/wp-json\/wp\/v2\/pages\/1895\/revisions\/1915"}],"wp:attachment":[{"href":"https:\/\/furiaguild.com\/index.php\/wp-json\/wp\/v2\/media?parent=1895"}],"curies":[{"name":"wp","href":"https:\/\/api.w.org\/{rel}","templated":true}]}}