{"id":1900,"date":"2024-09-01T08:19:24","date_gmt":"2024-09-01T07:19:24","guid":{"rendered":"https:\/\/furiaguild.com\/?page_id=1900"},"modified":"2024-09-01T08:28:13","modified_gmt":"2024-09-01T07:28:13","slug":"estructura","status":"publish","type":"page","link":"https:\/\/furiaguild.com\/index.php\/estructura\/","title":{"rendered":"ESTRUCTURA"},"content":{"rendered":"\n<div class=\"wp-block-group has-global-padding is-layout-constrained wp-block-group-is-layout-constrained\">\n<header class=\"entry-header post-header-4\">\n\n<div class=\"entry-byline\">Estructura ,administraci\u00f3n y organizaci\u00f3n de los diferentes grupos Y juegos de Furia Gaming Community.<\/div>\n<\/header>\n<\/div>\n\n\n\n<div class=\"entry-content\">\n<div class=\"instructions\">\n\n<ul>\n<li>La siguiente p\u00e1gina est\u00e1 creada para informar sobre la estructura organizativa que sigue la comunidad.<\/li>\n<li>Forma, junto a los&nbsp;<a href=\"https:\/\/furiaguild.com\/index.php\/estatutos\/\">Estatutos,<\/a> una de las bases sobre la cual se apoya la comunidad.<\/li>\n<li>Dicha estructura puede sufrir variaciones a lo largo del tiempo, de ser as\u00ed los miembros de la comunidad ser\u00e1n informados de ello y tendr\u00e1n el deber de mantenerse al d\u00eda de las novedades que se presenten.<\/li>\n<\/ul>\n<\/div>\n<h3>Categor\u00edas de juegos<\/h3>\n<ul>\n<li>Divisiones:\n<ul>\n<li>Son&nbsp;grupos de juegos con especial inter\u00e9s en la comunidad.<\/li>\n<li>Programadas a medio y largo plazo.<\/li>\n<li>Representadas bajo el TAG de Furia.<\/li>\n<li>Toda divisi\u00f3n sigue una estructura estricta y unos objetivos.<\/li>\n<li>Cada divisi\u00f3n dispone de foros, canales de voz y peso en general dentro de la comunidad.<\/li>\n<\/ul>\n<\/li>\n<li>Secci\u00f3n:\n<ul>\n<li>Son grupos de juegos a los que la comunidad juega casualmente de manera menos organizada.<\/li>\n<li>No siguen una estructura a menos que se decida lo contrario.<\/li>\n<li>Pueden o no representarse bajo el TAG de Furia.<\/li>\n<li>Cada secci\u00f3n dispone de canal de voz.<\/li>\n<\/ul>\n<\/li>\n<li>Otros juegos:\n<ul>\n<li>Divisiones, secciones u otros juegos que est\u00e1n inactivos, se juegan de manera muy casual o en casos especiales a\u00fan no est\u00e1n categorizados por lo que se les asigna un canal de voz en Discord.<\/li>\n<\/ul>\n<\/li>\n<\/ul>\n<\/div>\n\n\n\n<div class=\"entry-content\">\n<p>&nbsp;<\/p>\n<h3>Categor\u00edas de jugadores<\/h3>\n<ul>\n<li><span style=\"color: #cc99ff;\"><strong>Amigos y Recluta<\/strong>s:<\/span> jugador que ha de pasar un periodo de prueba, estipulado por cada divisi\u00f3n.<\/li>\n<li><strong><span style=\"color: #ff00ff;\">Furioso:<\/span><\/strong> jugador que ha superado un periodo de prueba.<\/li>\n<li><strong><span style=\"color: #ffff99;\">Veterano:<\/span><\/strong> atribuci\u00f3n especial otorgada por el STAFF para jugadores por su contribuci\u00f3n o participaci\u00f3n en la comunidad.<\/li>\n<li><strong><span style=\"color: #ff9900;\">L\u00edder de divisi\u00f3n:<\/span><\/strong> miembro de la comunidad encargado de administrar una divisi\u00f3n, tal como se recoge en Administraci\u00f3n de divisiones.<\/li>\n<li>Rangos de divisi\u00f3n: otorgados por el l\u00edder de una divisi\u00f3n, son m\u00e9ritos especiales que reconocen el rango adquirido por un miembro dentro de esa divisi\u00f3n.<\/li>\n<li><strong><span style=\"color: #ff0000;\">STAFF:<\/span><\/strong> encargados de administrar la comunidad Furia, el Discord y sus herramientas.<\/li>\n<\/ul>\n<h3>Administraci\u00f3n de Divisiones<\/h3>\n<ol>\n<li>Creaci\u00f3n: cualquier miembro de la comunidad puede solicitar la creaci\u00f3n de una nueva divisi\u00f3n de juegos. El miembro interesado a de cumplir los siguientes requisitos adem\u00e1s de indicar el juego para el cual solicita la creaci\u00f3n de esta nueva divisi\u00f3n:\n<ul>\n<li>Un m\u00ednimo de diez personas, con sus nombres, para juegos de \u00e1mbito general y un m\u00ednimo de 5 personas con&nbsp;sus nombres para juegos de equipo competitivos .<\/li>\n<li>Estructura y nombramientos&nbsp;de los diferentes rangos o posiciones dentro de la divisi\u00f3n incluyendo al l\u00edder de la divisi\u00f3n.<\/li>\n<li>Objetivos de la divisi\u00f3n como tal a cualquier plazo.<\/li>\n<\/ul>\n<\/li>\n<li>Responsabilidades: el miembro designado&nbsp;como l\u00edder de la divisi\u00f3n ser\u00e1 el responsable de la propia en todos sus \u00e1mbitos. Entre los deberes que conlleva el liderazgo de una divisi\u00f3n se incluye el administrar el reclutamiento de dicha divisi\u00f3n as\u00ed como de informar debidamente a sus reci\u00e9n llegados de la comunidad, tanto su filosof\u00eda como su c\u00f3digo, recogidos en este documento.<br>El l\u00edder en funciones tiene la responsabilidad de, llegado el caso, nombrar, traspasar&nbsp;sus poderes y presentar al STAFF a otro miembro de la divisi\u00f3n que considere apto para el cargo. En caso de que no sea posible por cualquier motivo, el STAFF tratar\u00e1 de contactar con los miembros integrantes de la divisi\u00f3n respetando la estructura de \u00e9sta para pedir el nombramiento de un nuevo l\u00edder.<\/li>\n<li>Reglamento: toda divisi\u00f3n puede o no tener reglas adicionales a las de este documento. Los l\u00edderes de cada divisi\u00f3n son libres de a\u00f1adir, modificar o quitar reglas propias de cada divisi\u00f3n, bajo previa supervisi\u00f3n del STAFF.<\/li>\n<li>Clausura: cualquier divisi\u00f3n puede ser clausurada por el STAFF si se cree que ya no cumple con los requisitos m\u00ednimos o que no es lo suficientemente relevante. Una divisi\u00f3n puede ser clausurada por sus miembros del mismo modo. En cualquier caso, la clausura no significa que no pueda volver a formarse si llegan a cumplirse de nuevo los requisitos o se considera de inter\u00e9s para la comunidad.<br>En el caso de que una divisi\u00f3n quede clausurada, su l\u00edder o alguno de sus miembros de confianza deben facilitar un personaje que haga de tomador de forma que la divisi\u00f3n quede congelada dentro del juego, con la posibilidad de reflotarla.<br>Cualquier divisi\u00f3n clausurada pasara por defecto a formar parte de los juegos inactivos de la comunidad.<\/li>\n<\/ol>\n<h3>Administraci\u00f3n de Secciones<\/h3>\n<ol>\n<li>Creaci\u00f3n: cualquier miembro de la comunidad puede solicitar la creaci\u00f3n de una nueva secci\u00f3n de juegos. Se &nbsp;requerir\u00e1 un m\u00ednimo de 5 jugadores para crearla.<\/li>\n<li>Responsabilidades: el miembro designado&nbsp;como moderador de la secci\u00f3n ser\u00e1 el responsable de la propia en todos sus \u00e1mbitos.<\/li>\n<li>Clausura: cualquier secci\u00f3n puede ser clausurada por el moderador de la secci\u00f3n o por el STAFF en cualquier caso.<\/li>\n<\/ol>\n<h3>Administraci\u00f3n de la comunidad<\/h3>\n<ul>\n<li>Furia es administrada por un STAFF que lleva la direcci\u00f3n estrat\u00e9gica de la comunidad.<\/li>\n<li>El STAFF se encarga de administrar y gestionar la comunidad.<\/li>\n<li>Entre sus atribuciones est\u00e1 la validaci\u00f3n de divisiones y secciones, as\u00ed como de ejercer de nexo y \u00e1rbitro entre los miembros de toda la comunidad.<\/li>\n<li>El STAFF siempre velar\u00e1 por los intereses de Furia y por hacer respetar sus estatutos.<\/li>\n<li>Cualquier miembro de la comunidad puede presentar su candidatura para formar parte del STAFF, la cual ser\u00e1 validada por el STAFF vigente.<\/li>\n<li>Cualquier miembro que haya sido parte del STAFF de Furia puede decidir en cualquier momento volver a formar parte de este, si la mayor\u00eda(mitad+1) lo cree conveniente, siempre que no haya sido expulsado de la comunidad.<\/li>\n<\/ul>\n<\/div>\n<div data-animation=\"no-animation\" data-icons-animation=\"tada\" data-overlay=\"\" data-change-size=\"\" data-button-size=\"1\" style=\"font-size:1em!important;display:none;\" class=\"supsystic-social-sharing supsystic-social-sharing-package-flat supsystic-social-sharing-spacing supsystic-social-sharing-content supsystic-social-sharing-content-align-center\" data-text=\"\"><a data-networks=\"[]\" class=\"social-sharing-button sharer-flat sharer-flat-3 counter-standard without-counter facebook\" target=\"_blank\" title=\"Facebook\" href=\"http:\/\/www.facebook.com\/sharer.php?u=https%3A%2F%2Ffuriaguild.com%2Findex.php%2Festructura%2F\" data-main-href=\"http:\/\/www.facebook.com\/sharer.php?u={url}\" data-nid=\"1\" data-name=\"\" data-pid=\"2\" data-post-id=\"1900\" data-url=\"https:\/\/furiaguild.com\/wp-admin\/admin-ajax.php\" data-description=\"ESTRUCTURA\" rel=\"nofollow\" data-mailto=\"\"><i class=\"fa-ssbs fa-ssbs-fw fa-ssbs-facebook\"><\/i><div class=\"counter-wrap standard\"><span class=\"counter\">0<\/span><\/div><\/a><a data-networks=\"[]\" class=\"social-sharing-button sharer-flat sharer-flat-3 counter-standard without-counter twitter\" target=\"_blank\" title=\"Twitter\" href=\"https:\/\/twitter.com\/share?url=https%3A%2F%2Ffuriaguild.com%2Findex.php%2Festructura%2F&text=ESTRUCTURA\" data-main-href=\"https:\/\/twitter.com\/share?url={url}&text={title}\" data-nid=\"2\" data-name=\"\" data-pid=\"2\" data-post-id=\"1900\" data-url=\"https:\/\/furiaguild.com\/wp-admin\/admin-ajax.php\" data-description=\"ESTRUCTURA\" rel=\"nofollow\" data-mailto=\"\"><i class=\"fa-ssbs fa-ssbs-fw fa-ssbs-twitter\"><\/i><div class=\"counter-wrap standard\"><span class=\"counter\">0<\/span><\/div><\/a><a data-networks=\"[]\" class=\"social-sharing-button sharer-flat sharer-flat-3 counter-standard without-counter reddit\" target=\"_blank\" title=\"Reddit\" href=\"http:\/\/reddit.com\/submit?url=https%3A%2F%2Ffuriaguild.com%2Findex.php%2Festructura%2F&title=ESTRUCTURA\" data-main-href=\"http:\/\/reddit.com\/submit?url={url}&title={title}\" data-nid=\"6\" data-name=\"\" data-pid=\"2\" data-post-id=\"1900\" data-url=\"https:\/\/furiaguild.com\/wp-admin\/admin-ajax.php\" data-description=\"ESTRUCTURA\" rel=\"nofollow\" data-mailto=\"\"><i class=\"fa-ssbs fa-ssbs-fw fa-ssbs-reddit\"><\/i><div class=\"counter-wrap standard\"><span class=\"counter\">0<\/span><\/div><\/a><a data-networks=\"[]\" class=\"social-sharing-button sharer-flat sharer-flat-3 counter-standard without-counter linkedin\" target=\"_blank\" title=\"Linkedin\" href=\"https:\/\/www.linkedin.com\/shareArticle?mini=true&title=ESTRUCTURA&url=https%3A%2F%2Ffuriaguild.com%2Findex.php%2Festructura%2F\" data-main-href=\"https:\/\/www.linkedin.com\/shareArticle?mini=true&title={title}&url={url}\" data-nid=\"13\" data-name=\"\" data-pid=\"2\" data-post-id=\"1900\" data-url=\"https:\/\/furiaguild.com\/wp-admin\/admin-ajax.php\" data-description=\"ESTRUCTURA\" rel=\"nofollow\" data-mailto=\"\"><i class=\"fa-ssbs fa-ssbs-fw fa-ssbs-linkedin\"><\/i><div class=\"counter-wrap standard\"><span class=\"counter\">0<\/span><\/div><\/a><a data-networks=\"[]\" class=\"social-sharing-button sharer-flat sharer-flat-3 counter-standard without-counter mail\" target=\"_blank\" title=\"Mail\" href=\"#\" data-main-href=\"#\" data-nid=\"16\" data-name=\"\" data-pid=\"2\" data-post-id=\"1900\" data-url=\"https:\/\/furiaguild.com\/wp-admin\/admin-ajax.php\" data-description=\"ESTRUCTURA\" rel=\"nofollow\" data-mailto=\"\"><i class=\"fa-ssbs fa-ssbs-fw fa-ssbs-envelope-o\"><\/i><div class=\"counter-wrap standard\"><span class=\"counter\">0<\/span><\/div><\/a><a data-networks=\"[]\" class=\"social-sharing-button sharer-flat sharer-flat-3 counter-standard without-counter whatsapp\" target=\"_blank\" title=\"WhatsApp\" href=\"https:\/\/web.whatsapp.com\/send?text=https%3A%2F%2Ffuriaguild.com%2Findex.php%2Festructura%2F\" data-main-href=\"https:\/\/web.whatsapp.com\/send?text={url}\" data-nid=\"18\" data-name=\"\" data-pid=\"2\" data-post-id=\"1900\" data-url=\"https:\/\/furiaguild.com\/wp-admin\/admin-ajax.php\" data-description=\"ESTRUCTURA\" rel=\"nofollow\" data-mailto=\"\"><i class=\"fa-ssbs fa-ssbs-fw fa-ssbs-whatsapp\"><\/i><div class=\"counter-wrap standard\"><span class=\"counter\">0<\/span><\/div><\/a><\/div>","protected":false},"excerpt":{"rendered":"<p>Estructura ,administraci\u00f3n y organizaci\u00f3n de los diferentes grupos Y juegos de Furia Gaming Community. La siguiente p\u00e1gina est\u00e1 creada para informar sobre la estructura organizativa que sigue la comunidad. Forma, junto a los&nbsp;Estatutos, una de las bases sobre la cual se apoya la comunidad. Dicha estructura puede sufrir variaciones a lo largo del tiempo, de [&hellip;]<\/p>\n<div data-animation=\"no-animation\" data-icons-animation=\"tada\" data-overlay=\"\" data-change-size=\"\" data-button-size=\"1\" style=\"font-size:1em!important;display:none;\" class=\"supsystic-social-sharing supsystic-social-sharing-package-flat supsystic-social-sharing-spacing supsystic-social-sharing-content supsystic-social-sharing-content-align-center\" data-text=\"\"><a data-networks=\"[]\" class=\"social-sharing-button sharer-flat sharer-flat-3 counter-standard without-counter facebook\" target=\"_blank\" title=\"Facebook\" href=\"http:\/\/www.facebook.com\/sharer.php?u=https%3A%2F%2Ffuriaguild.com%2Findex.php%2Festructura%2F\" data-main-href=\"http:\/\/www.facebook.com\/sharer.php?u={url}\" data-nid=\"1\" data-name=\"\" data-pid=\"2\" data-post-id=\"1900\" data-url=\"https:\/\/furiaguild.com\/wp-admin\/admin-ajax.php\" data-description=\"ESTRUCTURA\" rel=\"nofollow\" data-mailto=\"\"><i class=\"fa-ssbs fa-ssbs-fw fa-ssbs-facebook\"><\/i><div class=\"counter-wrap standard\"><span class=\"counter\">0<\/span><\/div><\/a><a data-networks=\"[]\" class=\"social-sharing-button sharer-flat sharer-flat-3 counter-standard without-counter twitter\" target=\"_blank\" title=\"Twitter\" href=\"https:\/\/twitter.com\/share?url=https%3A%2F%2Ffuriaguild.com%2Findex.php%2Festructura%2F&text=ESTRUCTURA\" data-main-href=\"https:\/\/twitter.com\/share?url={url}&text={title}\" data-nid=\"2\" data-name=\"\" data-pid=\"2\" data-post-id=\"1900\" data-url=\"https:\/\/furiaguild.com\/wp-admin\/admin-ajax.php\" data-description=\"ESTRUCTURA\" rel=\"nofollow\" data-mailto=\"\"><i class=\"fa-ssbs fa-ssbs-fw fa-ssbs-twitter\"><\/i><div class=\"counter-wrap standard\"><span class=\"counter\">0<\/span><\/div><\/a><a data-networks=\"[]\" class=\"social-sharing-button sharer-flat sharer-flat-3 counter-standard without-counter reddit\" target=\"_blank\" title=\"Reddit\" href=\"http:\/\/reddit.com\/submit?url=https%3A%2F%2Ffuriaguild.com%2Findex.php%2Festructura%2F&title=ESTRUCTURA\" data-main-href=\"http:\/\/reddit.com\/submit?url={url}&title={title}\" data-nid=\"6\" data-name=\"\" data-pid=\"2\" data-post-id=\"1900\" data-url=\"https:\/\/furiaguild.com\/wp-admin\/admin-ajax.php\" data-description=\"ESTRUCTURA\" rel=\"nofollow\" data-mailto=\"\"><i class=\"fa-ssbs fa-ssbs-fw fa-ssbs-reddit\"><\/i><div class=\"counter-wrap standard\"><span class=\"counter\">0<\/span><\/div><\/a><a data-networks=\"[]\" class=\"social-sharing-button sharer-flat sharer-flat-3 counter-standard without-counter linkedin\" target=\"_blank\" title=\"Linkedin\" href=\"https:\/\/www.linkedin.com\/shareArticle?mini=true&title=ESTRUCTURA&url=https%3A%2F%2Ffuriaguild.com%2Findex.php%2Festructura%2F\" data-main-href=\"https:\/\/www.linkedin.com\/shareArticle?mini=true&title={title}&url={url}\" data-nid=\"13\" data-name=\"\" data-pid=\"2\" data-post-id=\"1900\" data-url=\"https:\/\/furiaguild.com\/wp-admin\/admin-ajax.php\" data-description=\"ESTRUCTURA\" rel=\"nofollow\" data-mailto=\"\"><i class=\"fa-ssbs fa-ssbs-fw fa-ssbs-linkedin\"><\/i><div class=\"counter-wrap standard\"><span class=\"counter\">0<\/span><\/div><\/a><a data-networks=\"[]\" class=\"social-sharing-button sharer-flat sharer-flat-3 counter-standard without-counter mail\" target=\"_blank\" title=\"Mail\" href=\"#\" data-main-href=\"#\" data-nid=\"16\" data-name=\"\" data-pid=\"2\" data-post-id=\"1900\" data-url=\"https:\/\/furiaguild.com\/wp-admin\/admin-ajax.php\" data-description=\"ESTRUCTURA\" rel=\"nofollow\" data-mailto=\"\"><i class=\"fa-ssbs fa-ssbs-fw fa-ssbs-envelope-o\"><\/i><div class=\"counter-wrap standard\"><span class=\"counter\">0<\/span><\/div><\/a><a data-networks=\"[]\" class=\"social-sharing-button sharer-flat sharer-flat-3 counter-standard without-counter whatsapp\" target=\"_blank\" title=\"WhatsApp\" href=\"https:\/\/web.whatsapp.com\/send?text=https%3A%2F%2Ffuriaguild.com%2Findex.php%2Festructura%2F\" data-main-href=\"https:\/\/web.whatsapp.com\/send?text={url}\" data-nid=\"18\" data-name=\"\" data-pid=\"2\" data-post-id=\"1900\" data-url=\"https:\/\/furiaguild.com\/wp-admin\/admin-ajax.php\" data-description=\"ESTRUCTURA\" rel=\"nofollow\" data-mailto=\"\"><i class=\"fa-ssbs fa-ssbs-fw fa-ssbs-whatsapp\"><\/i><div class=\"counter-wrap standard\"><span class=\"counter\">0<\/span><\/div><\/a><\/div>","protected":false},"author":5,"featured_media":0,"parent":0,"menu_order":0,"comment_status":"closed","ping_status":"closed","template":"","meta":{"pgc_meta":"","_monsterinsights_skip_tracking":false,"_monsterinsights_sitenote_active":false,"_monsterinsights_sitenote_note":"","_monsterinsights_sitenote_category":0,"_uf_show_specific_survey":0,"_uf_disable_surveys":false,"footnotes":""},"class_list":["post-1900","page","type-page","status-publish","hentry"],"pgc_meta":"","_links":{"self":[{"href":"https:\/\/furiaguild.com\/index.php\/wp-json\/wp\/v2\/pages\/1900"}],"collection":[{"href":"https:\/\/furiaguild.com\/index.php\/wp-json\/wp\/v2\/pages"}],"about":[{"href":"https:\/\/furiaguild.com\/index.php\/wp-json\/wp\/v2\/types\/page"}],"author":[{"embeddable":true,"href":"https:\/\/furiaguild.com\/index.php\/wp-json\/wp\/v2\/users\/5"}],"replies":[{"embeddable":true,"href":"https:\/\/furiaguild.com\/index.php\/wp-json\/wp\/v2\/comments?post=1900"}],"version-history":[{"count":6,"href":"https:\/\/furiaguild.com\/index.php\/wp-json\/wp\/v2\/pages\/1900\/revisions"}],"predecessor-version":[{"id":1916,"href":"https:\/\/furiaguild.com\/index.php\/wp-json\/wp\/v2\/pages\/1900\/revisions\/1916"}],"wp:attachment":[{"href":"https:\/\/furiaguild.com\/index.php\/wp-json\/wp\/v2\/media?parent=1900"}],"curies":[{"name":"wp","href":"https:\/\/api.w.org\/{rel}","templated":true}]}}