{"id":1917,"date":"2024-09-01T08:42:36","date_gmt":"2024-09-01T07:42:36","guid":{"rendered":"https:\/\/furiaguild.com\/?page_id=1917"},"modified":"2024-09-01T09:00:45","modified_gmt":"2024-09-01T08:00:45","slug":"ashes-of-creation","status":"publish","type":"page","link":"https:\/\/furiaguild.com\/index.php\/ashes-of-creation\/","title":{"rendered":"ASHES OF CREATION"},"content":{"rendered":"\n<div style=\"height:16px\" aria-hidden=\"true\" class=\"wp-block-spacer\"><\/div>\n\n\n\n<div style=\"height:16px\" aria-hidden=\"true\" class=\"wp-block-spacer\"><\/div>\n\n\n\n<p>Waiting for&#8230;..<\/p>\n\n\n\n<div style=\"height:16px\" aria-hidden=\"true\" class=\"wp-block-spacer\"><\/div>\n\n\n\n<figure class=\"wp-block-embed is-type-video is-provider-youtube wp-block-embed-youtube wp-embed-aspect-16-9 wp-has-aspect-ratio\"><div class=\"wp-block-embed__wrapper\">\n<iframe loading=\"lazy\" title=\"Ashes of Creation Alpha Two Citadel of The Steel Bloom and Firebrand Preview\" width=\"500\" height=\"281\" src=\"https:\/\/www.youtube.com\/embed\/T1gJiGXStHA?list=PLyBXnS4gfcxOpwxAkO1l7KbkMy9iZ4EXg\" frameborder=\"0\" allow=\"accelerometer; autoplay; clipboard-write; encrypted-media; gyroscope; picture-in-picture; web-share\" referrerpolicy=\"strict-origin-when-cross-origin\" allowfullscreen><\/iframe>\n<\/div><\/figure>\n\n\n\n<div style=\"height:16px\" aria-hidden=\"true\" class=\"wp-block-spacer\"><\/div>\n\n\n\n<p><strong>Ashes of Creation<\/strong> es un ambicioso MMORPG (juego de rol multijugador masivo en l\u00ednea) desarrollado por Intrepid Studios. El juego se ha destacado por su enfoque innovador y su intento de introducir nuevas mec\u00e1nicas y sistemas din\u00e1micos que diferencian a Ashes of Creation de otros MMORPGs en el mercado. Aqu\u00ed hay algunos aspectos clave sobre el juego:<\/p>\n\n\n\n<h3 class=\"wp-block-heading\">1. <strong>Mundo Din\u00e1mico y Evolutivo<\/strong><\/h3>\n\n\n\n<ul class=\"wp-block-list\">\n<li><strong>Sistema de Nodos<\/strong>: Uno de los aspectos m\u00e1s innovadores de Ashes of Creation es su sistema de nodos. El mundo del juego est\u00e1 dividido en regiones llamadas \u00abnodos\u00bb, que evolucionan de peque\u00f1as aldeas a grandes metr\u00f3polis basadas en las acciones y contribuciones de los jugadores en esa \u00e1rea. Los nodos pueden subir de nivel, desbloquear nuevas misiones, contenido, y tambi\u00e9n pueden ser atacados y destruidos.<\/li>\n\n\n\n<li><strong>Influencia del Jugador<\/strong>: Las decisiones de los jugadores tienen un impacto directo en la evoluci\u00f3n del mundo. Desde el crecimiento de los nodos hasta la pol\u00edtica y el comercio, los jugadores pueden influir en c\u00f3mo se desarrolla el juego.<\/li>\n<\/ul>\n\n\n\n<h3 class=\"wp-block-heading\">2. <strong>Sistema de Combate<\/strong><\/h3>\n\n\n\n<ul class=\"wp-block-list\">\n<li><strong>Combate H\u00edbrido<\/strong>: El juego ofrece un sistema de combate h\u00edbrido que permite a los jugadores elegir entre combate basado en tab targeting (selecci\u00f3n de objetivos) y acci\u00f3n en tiempo real. Esta flexibilidad permite a los jugadores adaptar su estilo de juego seg\u00fan sus preferencias.<\/li>\n\n\n\n<li><strong>Clases y Roles<\/strong>: Ashes of Creation presenta un sistema de clases muy profundo, con m\u00e1s de 64 combinaciones posibles. Los jugadores pueden elegir una clase primaria y una secundaria, lo que crea una gran variedad de opciones y estilos de juego \u00fanicos.<\/li>\n<\/ul>\n\n\n\n<h3 class=\"wp-block-heading\">3. <strong>Econom\u00eda y Comercio<\/strong><\/h3>\n\n\n\n<ul class=\"wp-block-list\">\n<li><strong>Econom\u00eda Dirigida por los Jugadores<\/strong>: La econom\u00eda en Ashes of Creation est\u00e1 casi completamente dirigida por los jugadores, con sistemas de comercio y transporte que dependen de las rutas comerciales entre nodos y del esfuerzo de los jugadores para proteger y mantener estas rutas.<\/li>\n\n\n\n<li><strong>Crafteo y Recursos<\/strong>: El crafteo y la recolecci\u00f3n de recursos son fundamentales en la econom\u00eda del juego. Los jugadores pueden especializarse en diferentes habilidades de recolecci\u00f3n y artesan\u00eda para contribuir a la econom\u00eda global y local.<\/li>\n<\/ul>\n\n\n\n<h3 class=\"wp-block-heading\">4. <strong>PvP y PvE<\/strong><\/h3>\n\n\n\n<ul class=\"wp-block-list\">\n<li><strong>Sistema de PvP<\/strong>: Ashes of Creation tiene un enfoque significativo en el PvP (jugador contra jugador). Los jugadores pueden participar en guerras de nodos, asedios a castillos, arenas y m\u00e1s. El juego tambi\u00e9n cuenta con un sistema de \u00abflagging\u00bb que gestiona c\u00f3mo y cu\u00e1ndo los jugadores pueden participar en PvP abierto.<\/li>\n\n\n\n<li><strong>Contenido PvE<\/strong>: Adem\u00e1s del PvP, hay un gran enfoque en el contenido PvE (jugador contra entorno) con mazmorras, incursiones, eventos mundiales y misiones que pueden ser afectadas por el estado de los nodos y las decisiones de los jugadores.<\/li>\n<\/ul>\n\n\n\n<h3 class=\"wp-block-heading\">5. <strong>Desarrollo y Comunidad<\/strong><\/h3>\n\n\n\n<ul class=\"wp-block-list\">\n<li><strong>Desarrollo Abierto<\/strong>: Intrepid Studios ha adoptado un enfoque de desarrollo muy transparente, compartiendo regularmente actualizaciones, transmisiones en vivo y discusiones con la comunidad. Esto ha generado un fuerte apoyo y anticipaci\u00f3n por parte de los fans.<\/li>\n\n\n\n<li><strong>Financiaci\u00f3n<\/strong>: El juego ha sido financiado en parte a trav\u00e9s de una campa\u00f1a de Kickstarter y por fondos privados del fundador y CEO de Intrepid Studios, Steven Sharif.<\/li>\n<\/ul>\n\n\n\n<h3 class=\"wp-block-heading\">6. <strong>Estado Actual<\/strong><\/h3>\n\n\n\n<ul class=\"wp-block-list\">\n<li><strong>Alpha y Beta<\/strong>: Ashes of Creation ha pasado por varias fases de pruebas alpha y beta cerradas, con retroalimentaci\u00f3n continua de los jugadores para mejorar y refinar el juego. Actualmente, est\u00e1 en una fase de desarrollo avanzada y se espera que siga evolucionando hasta su lanzamiento completo.<\/li>\n<\/ul>\n\n\n\n<p>En resumen, Ashes of Creation busca ofrecer una experiencia MMORPG \u00fanica, centrada en un mundo que cambia constantemente y es altamente influenciado por las acciones de los jugadores, con una mezcla rica de contenido PvP y PvE. Su desarrollo sigue siendo uno de los m\u00e1s vigilados y esperados en la comunidad de juegos en l\u00ednea.<\/p>\n\n\n\n<p><\/p>\n<div data-animation=\"no-animation\" data-icons-animation=\"tada\" data-overlay=\"\" data-change-size=\"\" data-button-size=\"1\" style=\"font-size:1em!important;display:none;\" class=\"supsystic-social-sharing supsystic-social-sharing-package-flat supsystic-social-sharing-spacing supsystic-social-sharing-content supsystic-social-sharing-content-align-center\" data-text=\"\"><a data-networks=\"[]\" class=\"social-sharing-button sharer-flat sharer-flat-3 counter-standard without-counter facebook\" target=\"_blank\" title=\"Facebook\" href=\"http:\/\/www.facebook.com\/sharer.php?u=https%3A%2F%2Ffuriaguild.com%2Findex.php%2Fashes-of-creation%2F\" data-main-href=\"http:\/\/www.facebook.com\/sharer.php?u={url}\" data-nid=\"1\" data-name=\"\" data-pid=\"2\" data-post-id=\"1917\" data-url=\"https:\/\/furiaguild.com\/wp-admin\/admin-ajax.php\" data-description=\"ASHES OF CREATION\" rel=\"nofollow\" data-mailto=\"\"><i class=\"fa-ssbs fa-ssbs-fw fa-ssbs-facebook\"><\/i><div class=\"counter-wrap standard\"><span class=\"counter\">0<\/span><\/div><\/a><a data-networks=\"[]\" class=\"social-sharing-button sharer-flat sharer-flat-3 counter-standard without-counter twitter\" target=\"_blank\" title=\"Twitter\" href=\"https:\/\/twitter.com\/share?url=https%3A%2F%2Ffuriaguild.com%2Findex.php%2Fashes-of-creation%2F&text=ASHES+OF+CREATION\" data-main-href=\"https:\/\/twitter.com\/share?url={url}&text={title}\" data-nid=\"2\" data-name=\"\" data-pid=\"2\" data-post-id=\"1917\" data-url=\"https:\/\/furiaguild.com\/wp-admin\/admin-ajax.php\" data-description=\"ASHES OF CREATION\" rel=\"nofollow\" data-mailto=\"\"><i class=\"fa-ssbs fa-ssbs-fw fa-ssbs-twitter\"><\/i><div class=\"counter-wrap standard\"><span class=\"counter\">0<\/span><\/div><\/a><a data-networks=\"[]\" class=\"social-sharing-button sharer-flat sharer-flat-3 counter-standard without-counter reddit\" target=\"_blank\" title=\"Reddit\" href=\"http:\/\/reddit.com\/submit?url=https%3A%2F%2Ffuriaguild.com%2Findex.php%2Fashes-of-creation%2F&title=ASHES+OF+CREATION\" data-main-href=\"http:\/\/reddit.com\/submit?url={url}&title={title}\" data-nid=\"6\" data-name=\"\" data-pid=\"2\" data-post-id=\"1917\" data-url=\"https:\/\/furiaguild.com\/wp-admin\/admin-ajax.php\" data-description=\"ASHES OF CREATION\" rel=\"nofollow\" data-mailto=\"\"><i class=\"fa-ssbs fa-ssbs-fw fa-ssbs-reddit\"><\/i><div class=\"counter-wrap standard\"><span class=\"counter\">0<\/span><\/div><\/a><a data-networks=\"[]\" class=\"social-sharing-button sharer-flat sharer-flat-3 counter-standard without-counter linkedin\" target=\"_blank\" title=\"Linkedin\" href=\"https:\/\/www.linkedin.com\/shareArticle?mini=true&title=ASHES+OF+CREATION&url=https%3A%2F%2Ffuriaguild.com%2Findex.php%2Fashes-of-creation%2F\" data-main-href=\"https:\/\/www.linkedin.com\/shareArticle?mini=true&title={title}&url={url}\" data-nid=\"13\" data-name=\"\" data-pid=\"2\" data-post-id=\"1917\" data-url=\"https:\/\/furiaguild.com\/wp-admin\/admin-ajax.php\" data-description=\"ASHES OF CREATION\" rel=\"nofollow\" data-mailto=\"\"><i class=\"fa-ssbs fa-ssbs-fw fa-ssbs-linkedin\"><\/i><div class=\"counter-wrap standard\"><span class=\"counter\">0<\/span><\/div><\/a><a data-networks=\"[]\" class=\"social-sharing-button sharer-flat sharer-flat-3 counter-standard without-counter mail\" target=\"_blank\" title=\"Mail\" href=\"#\" data-main-href=\"#\" data-nid=\"16\" data-name=\"\" data-pid=\"2\" data-post-id=\"1917\" data-url=\"https:\/\/furiaguild.com\/wp-admin\/admin-ajax.php\" data-description=\"ASHES OF CREATION\" rel=\"nofollow\" data-mailto=\"\"><i class=\"fa-ssbs fa-ssbs-fw fa-ssbs-envelope-o\"><\/i><div class=\"counter-wrap standard\"><span class=\"counter\">0<\/span><\/div><\/a><a data-networks=\"[]\" class=\"social-sharing-button sharer-flat sharer-flat-3 counter-standard without-counter whatsapp\" target=\"_blank\" title=\"WhatsApp\" href=\"https:\/\/web.whatsapp.com\/send?text=https%3A%2F%2Ffuriaguild.com%2Findex.php%2Fashes-of-creation%2F\" data-main-href=\"https:\/\/web.whatsapp.com\/send?text={url}\" data-nid=\"18\" data-name=\"\" data-pid=\"2\" data-post-id=\"1917\" data-url=\"https:\/\/furiaguild.com\/wp-admin\/admin-ajax.php\" data-description=\"ASHES OF CREATION\" rel=\"nofollow\" data-mailto=\"\"><i class=\"fa-ssbs fa-ssbs-fw fa-ssbs-whatsapp\"><\/i><div class=\"counter-wrap standard\"><span class=\"counter\">0<\/span><\/div><\/a><\/div>","protected":false},"excerpt":{"rendered":"<p>Waiting for&#8230;.. Ashes of Creation es un ambicioso MMORPG (juego de rol multijugador masivo en l\u00ednea) desarrollado por Intrepid Studios. El juego se ha destacado por su enfoque innovador y su intento de introducir nuevas mec\u00e1nicas y sistemas din\u00e1micos que diferencian a Ashes of Creation de otros MMORPGs en el mercado. Aqu\u00ed hay algunos aspectos [&hellip;]<\/p>\n<div data-animation=\"no-animation\" data-icons-animation=\"tada\" data-overlay=\"\" data-change-size=\"\" data-button-size=\"1\" style=\"font-size:1em!important;display:none;\" class=\"supsystic-social-sharing supsystic-social-sharing-package-flat supsystic-social-sharing-spacing supsystic-social-sharing-content supsystic-social-sharing-content-align-center\" data-text=\"\"><a data-networks=\"[]\" class=\"social-sharing-button sharer-flat sharer-flat-3 counter-standard without-counter facebook\" target=\"_blank\" title=\"Facebook\" href=\"http:\/\/www.facebook.com\/sharer.php?u=https%3A%2F%2Ffuriaguild.com%2Findex.php%2Fashes-of-creation%2F\" data-main-href=\"http:\/\/www.facebook.com\/sharer.php?u={url}\" data-nid=\"1\" data-name=\"\" data-pid=\"2\" data-post-id=\"1917\" data-url=\"https:\/\/furiaguild.com\/wp-admin\/admin-ajax.php\" data-description=\"ASHES OF CREATION\" rel=\"nofollow\" data-mailto=\"\"><i class=\"fa-ssbs fa-ssbs-fw fa-ssbs-facebook\"><\/i><div class=\"counter-wrap standard\"><span class=\"counter\">0<\/span><\/div><\/a><a data-networks=\"[]\" class=\"social-sharing-button sharer-flat sharer-flat-3 counter-standard without-counter twitter\" target=\"_blank\" title=\"Twitter\" href=\"https:\/\/twitter.com\/share?url=https%3A%2F%2Ffuriaguild.com%2Findex.php%2Fashes-of-creation%2F&text=ASHES+OF+CREATION\" data-main-href=\"https:\/\/twitter.com\/share?url={url}&text={title}\" data-nid=\"2\" data-name=\"\" data-pid=\"2\" data-post-id=\"1917\" data-url=\"https:\/\/furiaguild.com\/wp-admin\/admin-ajax.php\" data-description=\"ASHES OF CREATION\" rel=\"nofollow\" data-mailto=\"\"><i class=\"fa-ssbs fa-ssbs-fw fa-ssbs-twitter\"><\/i><div class=\"counter-wrap standard\"><span class=\"counter\">0<\/span><\/div><\/a><a data-networks=\"[]\" class=\"social-sharing-button sharer-flat sharer-flat-3 counter-standard without-counter reddit\" target=\"_blank\" title=\"Reddit\" href=\"http:\/\/reddit.com\/submit?url=https%3A%2F%2Ffuriaguild.com%2Findex.php%2Fashes-of-creation%2F&title=ASHES+OF+CREATION\" data-main-href=\"http:\/\/reddit.com\/submit?url={url}&title={title}\" data-nid=\"6\" data-name=\"\" data-pid=\"2\" data-post-id=\"1917\" data-url=\"https:\/\/furiaguild.com\/wp-admin\/admin-ajax.php\" data-description=\"ASHES OF CREATION\" rel=\"nofollow\" data-mailto=\"\"><i class=\"fa-ssbs fa-ssbs-fw fa-ssbs-reddit\"><\/i><div class=\"counter-wrap standard\"><span class=\"counter\">0<\/span><\/div><\/a><a data-networks=\"[]\" class=\"social-sharing-button sharer-flat sharer-flat-3 counter-standard without-counter linkedin\" target=\"_blank\" title=\"Linkedin\" href=\"https:\/\/www.linkedin.com\/shareArticle?mini=true&title=ASHES+OF+CREATION&url=https%3A%2F%2Ffuriaguild.com%2Findex.php%2Fashes-of-creation%2F\" data-main-href=\"https:\/\/www.linkedin.com\/shareArticle?mini=true&title={title}&url={url}\" data-nid=\"13\" data-name=\"\" data-pid=\"2\" data-post-id=\"1917\" data-url=\"https:\/\/furiaguild.com\/wp-admin\/admin-ajax.php\" data-description=\"ASHES OF CREATION\" rel=\"nofollow\" data-mailto=\"\"><i class=\"fa-ssbs fa-ssbs-fw fa-ssbs-linkedin\"><\/i><div class=\"counter-wrap standard\"><span class=\"counter\">0<\/span><\/div><\/a><a data-networks=\"[]\" class=\"social-sharing-button sharer-flat sharer-flat-3 counter-standard without-counter mail\" target=\"_blank\" title=\"Mail\" href=\"#\" data-main-href=\"#\" data-nid=\"16\" data-name=\"\" data-pid=\"2\" data-post-id=\"1917\" data-url=\"https:\/\/furiaguild.com\/wp-admin\/admin-ajax.php\" data-description=\"ASHES OF CREATION\" rel=\"nofollow\" data-mailto=\"\"><i class=\"fa-ssbs fa-ssbs-fw fa-ssbs-envelope-o\"><\/i><div class=\"counter-wrap standard\"><span class=\"counter\">0<\/span><\/div><\/a><a data-networks=\"[]\" class=\"social-sharing-button sharer-flat sharer-flat-3 counter-standard without-counter whatsapp\" target=\"_blank\" title=\"WhatsApp\" href=\"https:\/\/web.whatsapp.com\/send?text=https%3A%2F%2Ffuriaguild.com%2Findex.php%2Fashes-of-creation%2F\" data-main-href=\"https:\/\/web.whatsapp.com\/send?text={url}\" data-nid=\"18\" data-name=\"\" data-pid=\"2\" data-post-id=\"1917\" data-url=\"https:\/\/furiaguild.com\/wp-admin\/admin-ajax.php\" data-description=\"ASHES OF CREATION\" rel=\"nofollow\" data-mailto=\"\"><i class=\"fa-ssbs fa-ssbs-fw fa-ssbs-whatsapp\"><\/i><div class=\"counter-wrap standard\"><span class=\"counter\">0<\/span><\/div><\/a><\/div>","protected":false},"author":5,"featured_media":0,"parent":0,"menu_order":0,"comment_status":"closed","ping_status":"closed","template":"","meta":{"pgc_meta":"","_monsterinsights_skip_tracking":false,"_monsterinsights_sitenote_active":false,"_monsterinsights_sitenote_note":"","_monsterinsights_sitenote_category":0,"_uf_show_specific_survey":0,"_uf_disable_surveys":false,"footnotes":""},"class_list":["post-1917","page","type-page","status-publish","hentry"],"pgc_meta":"","_links":{"self":[{"href":"https:\/\/furiaguild.com\/index.php\/wp-json\/wp\/v2\/pages\/1917"}],"collection":[{"href":"https:\/\/furiaguild.com\/index.php\/wp-json\/wp\/v2\/pages"}],"about":[{"href":"https:\/\/furiaguild.com\/index.php\/wp-json\/wp\/v2\/types\/page"}],"author":[{"embeddable":true,"href":"https:\/\/furiaguild.com\/index.php\/wp-json\/wp\/v2\/users\/5"}],"replies":[{"embeddable":true,"href":"https:\/\/furiaguild.com\/index.php\/wp-json\/wp\/v2\/comments?post=1917"}],"version-history":[{"count":7,"href":"https:\/\/furiaguild.com\/index.php\/wp-json\/wp\/v2\/pages\/1917\/revisions"}],"predecessor-version":[{"id":1927,"href":"https:\/\/furiaguild.com\/index.php\/wp-json\/wp\/v2\/pages\/1917\/revisions\/1927"}],"wp:attachment":[{"href":"https:\/\/furiaguild.com\/index.php\/wp-json\/wp\/v2\/media?parent=1917"}],"curies":[{"name":"wp","href":"https:\/\/api.w.org\/{rel}","templated":true}]}}