{"id":393,"date":"2019-05-27T21:02:44","date_gmt":"2019-05-27T21:02:44","guid":{"rendered":"http:\/\/furiaguild.com\/?page_id=393"},"modified":"2019-08-19T23:21:28","modified_gmt":"2019-08-19T22:21:28","slug":"chronicles-of-elyria","status":"publish","type":"page","link":"https:\/\/furiaguild.com\/index.php\/chronicles-of-elyria\/","title":{"rendered":"Chronicles of Elyria"},"content":{"rendered":"\n<p>CoE es otro de los juegos que ha llamado la atenci\u00f3n y mucho entre nuestros miembros, ya que aporta ideas muy innovadoras y un estilo de juego que va mucho con nuestra comunidad. El PVP abierto, y la conquista de territorios son piezas fundamentales en este t\u00edtulo, al igual que para Furia, por lo que si este t\u00edtulo finalmente hace todo lo que promete ser\u00e1 una apuesta segura entre nuestros miembros. <\/p>\n\n\n\n<p>La secci\u00f3n de CoE la llevar\u00e1n principalmente dos miembros veteranos, os dejo sus datos de contacto para que los contact\u00e9is si est\u00e1is interesados:<br><br>Galian \u2013 [F]Galian#3619 <br>Thord &#8211; Thord#1139 <\/p>\n\n\n\n<figure class=\"wp-block-image\"><img loading=\"lazy\" decoding=\"async\" width=\"1024\" height=\"577\" src=\"http:\/\/furiaguild.com\/wp-content\/uploads\/2019\/05\/3a10722e2fb24c7b995666cb85ed3394-1024x577.jpg\" alt=\"\" class=\"wp-image-394\" srcset=\"https:\/\/furiaguild.com\/wp-content\/uploads\/2019\/05\/3a10722e2fb24c7b995666cb85ed3394-1024x577.jpg 1024w, https:\/\/furiaguild.com\/wp-content\/uploads\/2019\/05\/3a10722e2fb24c7b995666cb85ed3394-600x338.jpg 600w, https:\/\/furiaguild.com\/wp-content\/uploads\/2019\/05\/3a10722e2fb24c7b995666cb85ed3394-300x169.jpg 300w, https:\/\/furiaguild.com\/wp-content\/uploads\/2019\/05\/3a10722e2fb24c7b995666cb85ed3394-768x432.jpg 768w, https:\/\/furiaguild.com\/wp-content\/uploads\/2019\/05\/3a10722e2fb24c7b995666cb85ed3394-710x400.jpg 710w, https:\/\/furiaguild.com\/wp-content\/uploads\/2019\/05\/3a10722e2fb24c7b995666cb85ed3394.jpg 1920w\" sizes=\"(max-width: 1024px) 100vw, 1024px\" \/><\/figure>\n\n\n\n<h4 class=\"wp-block-heading\"><br>\u00a1Te puede interesar!<\/h4>\n\n\n      <div id=\"post-grid-lazy-427\" class=\"post-grid-lazy\"><img decoding=\"async\" alt=\"\" src=\"\" \/><\/div>\n    <script>\n      jQuery('#post-grid-lazy-427').ready(function($) {\n        $('#post-grid-lazy-427').fadeOut();\n        $('#post-grid-427   ').fadeIn();\n      })\n    <\/script>\n    <style type=\"text\/css\">\n      #post-grid-427 {\n        display: none;\n      }\n\n      .post-grid-lazy {\n        text-align: center;\n      }\n    <\/style>\n    <div data-options='{&quot;id&quot;:&quot;427&quot;,&quot;lazy_load&quot;:&quot;yes&quot;,&quot;masonry_enable&quot;:&quot;yes&quot;,&quot;view_type&quot;:&quot;grid&quot;}' id=\"post-grid-427\" class=\"post-grid grid\">\n        <div class=\"grid-items\">\n      <div class=\"item item-1251 skin flat even 0 \">\n        <div class=\"layer-wrapper layout-\">\n        <div class=\"layer-media\"><img decoding=\"async\" alt=\"\" src=\"https:\/\/furiaguild.com\/wp-content\/uploads\/2020\/03\/CoE_RIP2-380x250.jpg\" \/><\/div>\n  <div class=\"layer-content\">\n    <div class=\"element element_0  title \">\n    <a target=\"\"\n    href=\"https:\/\/furiaguild.com\/index.php\/chronicles-of-elyria-el-final-del-un-viaje\/\">Chronicles of Elyria: El final del un viaje<\/a>\n\n  \n\n<\/div>\n<div class=\"element element_1  excerpt \">\n  Mucho ha llovido desde que nos interesamos por este t\u00edtulo, y siempre con la esperanza de que pod\u00eda convertirse en  <\/div>\n<a class=\"element element_2  read_more \"\n  target=\"\"\n  href=\"https:\/\/furiaguild.com\/index.php\/chronicles-of-elyria-el-final-del-un-viaje\/\"><\/a>\n\n  <\/div>\n    <\/div>\n  <\/div><div class=\"item item-1095 skin flat odd 1 \">\n        <div class=\"layer-wrapper layout-\">\n        <div class=\"layer-media\"><img decoding=\"async\" alt=\"\" src=\"https:\/\/furiaguild.com\/wp-content\/uploads\/2020\/03\/Vaulting-380x250.jpg\" \/><\/div>\n  <div class=\"layer-content\">\n    <div class=\"element element_0  title \">\n    <a target=\"\"\n    href=\"https:\/\/furiaguild.com\/index.php\/chronicles-of-elyria-vaulting\/\">Chronicles of Elyria: Vaulting<\/a>\n\n  \n\n<\/div>\n<div class=\"element element_1  excerpt \">\n  Hace ya alg\u00fan tiempo los desarrolladores de Soulbound Studios nos hablaron de la creaci\u00f3n de un nuevo sistema de vaulting  <\/div>\n<a class=\"element element_2  read_more \"\n  target=\"\"\n  href=\"https:\/\/furiaguild.com\/index.php\/chronicles-of-elyria-vaulting\/\"><\/a>\n\n  <\/div>\n    <\/div>\n  <\/div><div class=\"item item-926 skin flat even 2 \">\n        <div class=\"layer-wrapper layout-\">\n        <div class=\"layer-media\"><img decoding=\"async\" src=\"http:\/\/furiaguild.com\/wp-content\/uploads\/2019\/12\/chronicles-of-elyria-pre-alpha-tribe-exploration-erishe01-1024x619.jpg\" \/><\/div>\n  <div class=\"layer-content\">\n    <div class=\"element element_0  title \">\n    <a target=\"\"\n    href=\"https:\/\/furiaguild.com\/index.php\/chronicles-of-elyria-los-erishe\/\">Chronicles of Elyria: Los Erish\u00e9<\/a>\n\n  \n\n<\/div>\n<div class=\"element element_1  excerpt \">\n  Como habitantes del desierto que son, los Erish\u00e9 son una raza que se ha mantenido apartada del continente principal de  <\/div>\n<a class=\"element element_2  read_more \"\n  target=\"\"\n  href=\"https:\/\/furiaguild.com\/index.php\/chronicles-of-elyria-los-erishe\/\"><\/a>\n\n  <\/div>\n    <\/div>\n  <\/div><div class=\"item item-898 skin flat odd 3 \">\n        <div class=\"layer-wrapper layout-\">\n        <div class=\"layer-media\"><img decoding=\"async\" src=\"http:\/\/furiaguild.com\/wp-content\/uploads\/2019\/09\/Pre-Alpha_tribe_exploration_brudvir_female_bust-1024x381.jpg\" \/><\/div>\n  <div class=\"layer-content\">\n    <div class=\"element element_0  title \">\n    <a target=\"\"\n    href=\"https:\/\/furiaguild.com\/index.php\/chronicles-of-elyria-los-brudvir\/\">Chronicles of Elyria: Los Brudvir<\/a>\n\n  \n\n<\/div>\n<div class=\"element element_1  excerpt \">\n  Los Brudvir son la raza con mayores atributos f\u00edsicos de entre todas las existentes en Elyria. Son altos y musculosos,  <\/div>\n<a class=\"element element_2  read_more \"\n  target=\"\"\n  href=\"https:\/\/furiaguild.com\/index.php\/chronicles-of-elyria-los-brudvir\/\"><\/a>\n\n  <\/div>\n    <\/div>\n  <\/div><div class=\"item item-716 skin flat even 4 \">\n        <div class=\"layer-wrapper layout-\">\n        <div class=\"layer-media\"><img decoding=\"async\" alt=\"\" src=\"https:\/\/furiaguild.com\/wp-content\/uploads\/2019\/08\/002be6988af44d7fbab7f48ec2f6a6ae-380x250.jpg\" \/><\/div>\n  <div class=\"layer-content\">\n    <div class=\"element element_0  title \">\n    <a target=\"\"\n    href=\"https:\/\/furiaguild.com\/index.php\/chronicles-of-elyria-construccion\/\">Chronicles of Elyria: Construcci\u00f3n<\/a>\n\n  \n\n<\/div>\n<div class=\"element element_1  excerpt \">\n  La construcci\u00f3n en el Chronicles of Elyria es un concepto que a\u00fan no hemos tratado, y es un aspecto important\u00edsimo  <\/div>\n<a class=\"element element_2  read_more \"\n  target=\"\"\n  href=\"https:\/\/furiaguild.com\/index.php\/chronicles-of-elyria-construccion\/\"><\/a>\n\n  <\/div>\n    <\/div>\n  <\/div><div class=\"item item-859 skin flat odd 5 \">\n        <div class=\"layer-wrapper layout-\">\n        <div class=\"layer-media\"><img decoding=\"async\" src=\"http:\/\/furiaguild.com\/wp-content\/uploads\/2019\/09\/chronicles-of-elyria-pre-alpha-tribe-exploration-hrothi-female-bust-1024x363.jpg\" \/><\/div>\n  <div class=\"layer-content\">\n    <div class=\"element element_0  title \">\n    <a target=\"\"\n    href=\"https:\/\/furiaguild.com\/index.php\/chronicles-of-elyria-los-hrothi\/\">Chronicles of Elyria: Los Hrothi<\/a>\n\n  \n\n<\/div>\n<div class=\"element element_1  excerpt \">\n  Los Hrothi son una raza similar a lo que en otros juegos entender\u00edamos por enanos. No son los t\u00edpicos enanos  <\/div>\n<a class=\"element element_2  read_more \"\n  target=\"\"\n  href=\"https:\/\/furiaguild.com\/index.php\/chronicles-of-elyria-los-hrothi\/\"><\/a>\n\n  <\/div>\n    <\/div>\n  <\/div>    <\/div>\n    <div class=\"pagination\">\n      <div class=\"paginate\">\n    <span aria-current=\"page\" class=\"page-numbers current\">1<\/span>\n<a class=\"page-numbers\" href=\"https:\/\/furiaguild.com\/index.php\/wp-json\/wp\/v2\/pages\/393\/page\/2\/\">2<\/a>\n<a class=\"page-numbers\" href=\"https:\/\/furiaguild.com\/index.php\/wp-json\/wp\/v2\/pages\/393\/page\/3\/\">3<\/a>\n<a class=\"next page-numbers\" href=\"https:\/\/furiaguild.com\/index.php\/wp-json\/wp\/v2\/pages\/393\/page\/2\/\">Siguiente \u00bb<\/a>  <\/div>\n  <style type=\"text\/css\">\n    #post-grid-427 .pagination .page-numbers {\n      font-size: 16px;\n      color: #fff;\n      background: #646464;\n    }\n\n    #post-grid-427 .pagination .page-numbers:hover,\n    #post-grid-427 .pagination .page-numbers.current {\n      background: #4b4b4b;\n    }\n  <\/style>\n  <\/div>\n\n\n  \n\n    <script>\n          <\/script>\n    <style type=\"text\/css\">\n    #post-grid-427 .element_0 {\n      display: block;font-size: 21px;line-height: normal;padding: 5px 10px;text-align: left;    }\n\n    #post-grid-427 .element_1 {\n      display: block;font-size: 12px;padding: 5px 10px;text-align: left;    }\n\n    #post-grid-427 .element_2 {\n      display: block;font-size: 12px;font-weight: bold;padding: 0 10px;text-align: left;    }\n\n    #post-grid-427 .element_0:hover{}#post-grid-427 .element_1:hover{}#post-grid-427 .element_2:hover{}  <\/style>\n  <style type=\"text\/css\">\n    #post-grid-427 {\n      padding: 10px;\n          }\n\n    #post-grid-427 .item {\n      padding: 10px;\n      background: #eeeeee;\n          }\n\n    #post-grid-427 .item .layer-media {\n      max-height:220px;    }\n\n    @media only screen and (min-width: 0px) and (max-width: 767px) {\n      #post-grid-427 .grid-items {\n        text-align: center;\n              }\n\n      #post-grid-427 .item {\n        width: 90%;\n        margin: 10px;\n        display: inline-block;\n        vertical-align: top;\n        height:auto;      }\n    }\n\n    @media only screen and (min-width: 768px) and (max-width: 1023px) {\n      #post-grid-427 .grid-items {\n        text-align: center;\n              }\n\n      #post-grid-427 .item {\n        width: 280px;\n        margin: 10px;\n        display: inline-block;\n        vertical-align: top;\n        max-height:auto;      }\n    }\n\n    @media only screen and (min-width: 1024px) {\n      #post-grid-427 .grid-items {\n        text-align: center;\n              }\n\n      #post-grid-427 .item {\n        width: 280px;\n        display: inline-block;\n        margin: 10px;\n        vertical-align: top;\n        height:auto;      }\n    }\n\n      <\/style>\n  <\/div>\n\n\n\n\n<p><\/p>\n<div data-animation=\"no-animation\" data-icons-animation=\"tada\" data-overlay=\"\" data-change-size=\"\" data-button-size=\"1\" style=\"font-size:1em!important;display:none;\" class=\"supsystic-social-sharing supsystic-social-sharing-package-flat supsystic-social-sharing-spacing supsystic-social-sharing-content supsystic-social-sharing-content-align-center\" data-text=\"\"><a data-networks=\"[]\" class=\"social-sharing-button sharer-flat sharer-flat-3 counter-standard without-counter facebook\" target=\"_blank\" title=\"Facebook\" href=\"http:\/\/www.facebook.com\/sharer.php?u=https%3A%2F%2Ffuriaguild.com%2Findex.php%2Fchronicles-of-elyria-los-hrothi%2F\" data-main-href=\"http:\/\/www.facebook.com\/sharer.php?u={url}\" data-nid=\"1\" data-name=\"\" data-pid=\"2\" data-post-id=\"859\" data-url=\"https:\/\/furiaguild.com\/wp-admin\/admin-ajax.php\" data-description=\"Chronicles of Elyria: Los Hrothi\" rel=\"nofollow\" data-mailto=\"\"><i class=\"fa-ssbs fa-ssbs-fw fa-ssbs-facebook\"><\/i><div class=\"counter-wrap standard\"><span class=\"counter\">0<\/span><\/div><\/a><a data-networks=\"[]\" class=\"social-sharing-button sharer-flat sharer-flat-3 counter-standard without-counter twitter\" target=\"_blank\" title=\"Twitter\" href=\"https:\/\/twitter.com\/share?url=https%3A%2F%2Ffuriaguild.com%2Findex.php%2Fchronicles-of-elyria-los-hrothi%2F&text=Chronicles+of+Elyria%3A+Los+Hrothi\" data-main-href=\"https:\/\/twitter.com\/share?url={url}&text={title}\" data-nid=\"2\" data-name=\"\" data-pid=\"2\" data-post-id=\"859\" data-url=\"https:\/\/furiaguild.com\/wp-admin\/admin-ajax.php\" data-description=\"Chronicles of Elyria: Los Hrothi\" rel=\"nofollow\" data-mailto=\"\"><i class=\"fa-ssbs fa-ssbs-fw fa-ssbs-twitter\"><\/i><div class=\"counter-wrap standard\"><span class=\"counter\">0<\/span><\/div><\/a><a data-networks=\"[]\" class=\"social-sharing-button sharer-flat sharer-flat-3 counter-standard without-counter reddit\" target=\"_blank\" title=\"Reddit\" href=\"http:\/\/reddit.com\/submit?url=https%3A%2F%2Ffuriaguild.com%2Findex.php%2Fchronicles-of-elyria-los-hrothi%2F&title=Chronicles+of+Elyria%3A+Los+Hrothi\" data-main-href=\"http:\/\/reddit.com\/submit?url={url}&title={title}\" data-nid=\"6\" data-name=\"\" data-pid=\"2\" data-post-id=\"859\" data-url=\"https:\/\/furiaguild.com\/wp-admin\/admin-ajax.php\" data-description=\"Chronicles of Elyria: Los Hrothi\" rel=\"nofollow\" data-mailto=\"\"><i class=\"fa-ssbs fa-ssbs-fw fa-ssbs-reddit\"><\/i><div class=\"counter-wrap standard\"><span class=\"counter\">0<\/span><\/div><\/a><a data-networks=\"[]\" class=\"social-sharing-button sharer-flat sharer-flat-3 counter-standard without-counter linkedin\" target=\"_blank\" title=\"Linkedin\" href=\"https:\/\/www.linkedin.com\/shareArticle?mini=true&title=Chronicles+of+Elyria%3A+Los+Hrothi&url=https%3A%2F%2Ffuriaguild.com%2Findex.php%2Fchronicles-of-elyria-los-hrothi%2F\" data-main-href=\"https:\/\/www.linkedin.com\/shareArticle?mini=true&title={title}&url={url}\" data-nid=\"13\" data-name=\"\" data-pid=\"2\" data-post-id=\"859\" data-url=\"https:\/\/furiaguild.com\/wp-admin\/admin-ajax.php\" data-description=\"Chronicles of Elyria: Los Hrothi\" rel=\"nofollow\" data-mailto=\"\"><i class=\"fa-ssbs fa-ssbs-fw fa-ssbs-linkedin\"><\/i><div class=\"counter-wrap standard\"><span class=\"counter\">0<\/span><\/div><\/a><a data-networks=\"[]\" class=\"social-sharing-button sharer-flat sharer-flat-3 counter-standard without-counter mail\" target=\"_blank\" title=\"Mail\" href=\"#\" data-main-href=\"#\" data-nid=\"16\" data-name=\"\" data-pid=\"2\" data-post-id=\"859\" data-url=\"https:\/\/furiaguild.com\/wp-admin\/admin-ajax.php\" data-description=\"Chronicles of Elyria: Los Hrothi\" rel=\"nofollow\" data-mailto=\"\"><i class=\"fa-ssbs fa-ssbs-fw fa-ssbs-envelope-o\"><\/i><div class=\"counter-wrap standard\"><span class=\"counter\">0<\/span><\/div><\/a><a data-networks=\"[]\" class=\"social-sharing-button sharer-flat sharer-flat-3 counter-standard without-counter whatsapp\" target=\"_blank\" title=\"WhatsApp\" href=\"https:\/\/web.whatsapp.com\/send?text=https%3A%2F%2Ffuriaguild.com%2Findex.php%2Fchronicles-of-elyria-los-hrothi%2F\" data-main-href=\"https:\/\/web.whatsapp.com\/send?text={url}\" data-nid=\"18\" data-name=\"\" data-pid=\"2\" data-post-id=\"859\" data-url=\"https:\/\/furiaguild.com\/wp-admin\/admin-ajax.php\" data-description=\"Chronicles of Elyria: Los Hrothi\" rel=\"nofollow\" data-mailto=\"\"><i class=\"fa-ssbs fa-ssbs-fw fa-ssbs-whatsapp\"><\/i><div class=\"counter-wrap standard\"><span class=\"counter\">0<\/span><\/div><\/a><\/div>","protected":false},"excerpt":{"rendered":"<p>Los Hrothi son una raza similar a lo que en otros juegos entender\u00edamos por enanos. No son los t\u00edpicos enanos gru\u00f1ones y con largas barbas como se presentan habitualmente los miembros de esta raza, pero si que son una raza cuyo h\u00e1bitat natural son las monta\u00f1as, y a las que les gusta trabajar la piedra [&hellip;]<\/p>\n<div data-animation=\"no-animation\" data-icons-animation=\"tada\" data-overlay=\"\" data-change-size=\"\" data-button-size=\"1\" style=\"font-size:1em!important;display:none;\" class=\"supsystic-social-sharing supsystic-social-sharing-package-flat supsystic-social-sharing-spacing supsystic-social-sharing-content supsystic-social-sharing-content-align-center\" data-text=\"\"><a data-networks=\"[]\" class=\"social-sharing-button sharer-flat sharer-flat-3 counter-standard without-counter facebook\" target=\"_blank\" title=\"Facebook\" href=\"http:\/\/www.facebook.com\/sharer.php?u=https%3A%2F%2Ffuriaguild.com%2Findex.php%2Fchronicles-of-elyria-los-hrothi%2F\" data-main-href=\"http:\/\/www.facebook.com\/sharer.php?u={url}\" data-nid=\"1\" data-name=\"\" data-pid=\"2\" data-post-id=\"859\" data-url=\"https:\/\/furiaguild.com\/wp-admin\/admin-ajax.php\" data-description=\"Chronicles of Elyria: Los Hrothi\" rel=\"nofollow\" data-mailto=\"\"><i class=\"fa-ssbs fa-ssbs-fw fa-ssbs-facebook\"><\/i><div class=\"counter-wrap standard\"><span class=\"counter\">0<\/span><\/div><\/a><a data-networks=\"[]\" class=\"social-sharing-button sharer-flat sharer-flat-3 counter-standard without-counter twitter\" target=\"_blank\" title=\"Twitter\" href=\"https:\/\/twitter.com\/share?url=https%3A%2F%2Ffuriaguild.com%2Findex.php%2Fchronicles-of-elyria-los-hrothi%2F&text=Chronicles+of+Elyria%3A+Los+Hrothi\" data-main-href=\"https:\/\/twitter.com\/share?url={url}&text={title}\" data-nid=\"2\" data-name=\"\" data-pid=\"2\" data-post-id=\"859\" data-url=\"https:\/\/furiaguild.com\/wp-admin\/admin-ajax.php\" data-description=\"Chronicles of Elyria: Los Hrothi\" rel=\"nofollow\" data-mailto=\"\"><i class=\"fa-ssbs fa-ssbs-fw fa-ssbs-twitter\"><\/i><div class=\"counter-wrap standard\"><span class=\"counter\">0<\/span><\/div><\/a><a data-networks=\"[]\" class=\"social-sharing-button sharer-flat sharer-flat-3 counter-standard without-counter reddit\" target=\"_blank\" title=\"Reddit\" href=\"http:\/\/reddit.com\/submit?url=https%3A%2F%2Ffuriaguild.com%2Findex.php%2Fchronicles-of-elyria-los-hrothi%2F&title=Chronicles+of+Elyria%3A+Los+Hrothi\" data-main-href=\"http:\/\/reddit.com\/submit?url={url}&title={title}\" data-nid=\"6\" data-name=\"\" data-pid=\"2\" data-post-id=\"859\" data-url=\"https:\/\/furiaguild.com\/wp-admin\/admin-ajax.php\" data-description=\"Chronicles of Elyria: Los Hrothi\" rel=\"nofollow\" data-mailto=\"\"><i class=\"fa-ssbs fa-ssbs-fw fa-ssbs-reddit\"><\/i><div class=\"counter-wrap standard\"><span class=\"counter\">0<\/span><\/div><\/a><a data-networks=\"[]\" class=\"social-sharing-button sharer-flat sharer-flat-3 counter-standard without-counter linkedin\" target=\"_blank\" title=\"Linkedin\" href=\"https:\/\/www.linkedin.com\/shareArticle?mini=true&title=Chronicles+of+Elyria%3A+Los+Hrothi&url=https%3A%2F%2Ffuriaguild.com%2Findex.php%2Fchronicles-of-elyria-los-hrothi%2F\" data-main-href=\"https:\/\/www.linkedin.com\/shareArticle?mini=true&title={title}&url={url}\" data-nid=\"13\" data-name=\"\" data-pid=\"2\" data-post-id=\"859\" data-url=\"https:\/\/furiaguild.com\/wp-admin\/admin-ajax.php\" data-description=\"Chronicles of Elyria: Los Hrothi\" rel=\"nofollow\" data-mailto=\"\"><i class=\"fa-ssbs fa-ssbs-fw fa-ssbs-linkedin\"><\/i><div class=\"counter-wrap standard\"><span class=\"counter\">0<\/span><\/div><\/a><a data-networks=\"[]\" class=\"social-sharing-button sharer-flat sharer-flat-3 counter-standard without-counter mail\" target=\"_blank\" title=\"Mail\" href=\"#\" data-main-href=\"#\" data-nid=\"16\" data-name=\"\" data-pid=\"2\" data-post-id=\"859\" data-url=\"https:\/\/furiaguild.com\/wp-admin\/admin-ajax.php\" data-description=\"Chronicles of Elyria: Los Hrothi\" rel=\"nofollow\" data-mailto=\"\"><i class=\"fa-ssbs fa-ssbs-fw fa-ssbs-envelope-o\"><\/i><div class=\"counter-wrap standard\"><span class=\"counter\">0<\/span><\/div><\/a><a data-networks=\"[]\" class=\"social-sharing-button sharer-flat sharer-flat-3 counter-standard without-counter whatsapp\" target=\"_blank\" title=\"WhatsApp\" href=\"https:\/\/web.whatsapp.com\/send?text=https%3A%2F%2Ffuriaguild.com%2Findex.php%2Fchronicles-of-elyria-los-hrothi%2F\" data-main-href=\"https:\/\/web.whatsapp.com\/send?text={url}\" data-nid=\"18\" data-name=\"\" data-pid=\"2\" data-post-id=\"859\" data-url=\"https:\/\/furiaguild.com\/wp-admin\/admin-ajax.php\" data-description=\"Chronicles of Elyria: Los Hrothi\" rel=\"nofollow\" data-mailto=\"\"><i class=\"fa-ssbs fa-ssbs-fw fa-ssbs-whatsapp\"><\/i><div class=\"counter-wrap standard\"><span class=\"counter\">0<\/span><\/div><\/a><\/div>","protected":false},"author":1,"featured_media":0,"parent":0,"menu_order":0,"comment_status":"closed","ping_status":"closed","template":"","meta":{"pgc_meta":"","_monsterinsights_skip_tracking":false,"_monsterinsights_sitenote_active":false,"_monsterinsights_sitenote_note":"","_monsterinsights_sitenote_category":0,"_uf_show_specific_survey":0,"_uf_disable_surveys":false,"footnotes":""},"class_list":["post-393","page","type-page","status-publish","hentry"],"pgc_meta":"","_links":{"self":[{"href":"https:\/\/furiaguild.com\/index.php\/wp-json\/wp\/v2\/pages\/393"}],"collection":[{"href":"https:\/\/furiaguild.com\/index.php\/wp-json\/wp\/v2\/pages"}],"about":[{"href":"https:\/\/furiaguild.com\/index.php\/wp-json\/wp\/v2\/types\/page"}],"author":[{"embeddable":true,"href":"https:\/\/furiaguild.com\/index.php\/wp-json\/wp\/v2\/users\/1"}],"replies":[{"embeddable":true,"href":"https:\/\/furiaguild.com\/index.php\/wp-json\/wp\/v2\/comments?post=393"}],"version-history":[{"count":10,"href":"https:\/\/furiaguild.com\/index.php\/wp-json\/wp\/v2\/pages\/393\/revisions"}],"predecessor-version":[{"id":763,"href":"https:\/\/furiaguild.com\/index.php\/wp-json\/wp\/v2\/pages\/393\/revisions\/763"}],"wp:attachment":[{"href":"https:\/\/furiaguild.com\/index.php\/wp-json\/wp\/v2\/media?parent=393"}],"curies":[{"name":"wp","href":"https:\/\/api.w.org\/{rel}","templated":true}]}}